{"id":103,"date":"2025-07-16T10:01:00","date_gmt":"2025-07-16T10:01:00","guid":{"rendered":"https:\/\/funny-moser.217-160-204-99.plesk.page\/?page_id=103"},"modified":"2025-07-22T09:09:52","modified_gmt":"2025-07-22T09:09:52","slug":"reparacion-de-cristales","status":"publish","type":"page","link":"https:\/\/funny-moser.217-160-204-99.plesk.page\/index.php\/reparacion-de-cristales\/","title":{"rendered":"Reparaci\u00f3n de cristales"},"content":{"rendered":"\t\t<div data-elementor-type=\"wp-page\" data-elementor-id=\"103\" class=\"elementor elementor-103\" data-elementor-post-type=\"page\">\n\t\t\t\t<div class=\"elementor-element elementor-element-18f1c69 e-flex e-con-boxed e-con e-parent\" data-id=\"18f1c69\" data-element_type=\"container\" data-settings=\"{&quot;background_background&quot;:&quot;classic&quot;}\">\n\t\t\t\t\t<div class=\"e-con-inner\">\n\t\t\t\t<div class=\"elementor-element elementor-element-c0c9d95 elementor-widget elementor-widget-heading\" data-id=\"c0c9d95\" data-element_type=\"widget\" data-widget_type=\"heading.default\">\n\t\t\t\t\t<h2 class=\"elementor-heading-title elementor-size-default\">REPARACI\u00d3N DE CRISTALES<\/h2>\t\t\t\t<\/div>\n\t\t\t\t<div class=\"elementor-element elementor-element-e253f7d elementor-widget-divider--view-line elementor-widget elementor-widget-divider\" data-id=\"e253f7d\" data-element_type=\"widget\" data-widget_type=\"divider.default\">\n\t\t\t\t\t\t\t<div class=\"elementor-divider\">\n\t\t\t<span class=\"elementor-divider-separator\">\n\t\t\t\t\t\t<\/span>\n\t\t<\/div>\n\t\t\t\t\t\t<\/div>\n\t\t\t\t\t<\/div>\n\t\t\t\t<\/div>\n\t\t<div class=\"elementor-element elementor-element-4f1804c e-flex e-con-boxed e-con e-parent\" data-id=\"4f1804c\" data-element_type=\"container\">\n\t\t\t\t\t<div class=\"e-con-inner\">\n\t\t\t\t<div class=\"elementor-element elementor-element-565403a elementor-widget elementor-widget-heading\" data-id=\"565403a\" data-element_type=\"widget\" data-widget_type=\"heading.default\">\n\t\t\t\t\t<h2 class=\"elementor-heading-title elementor-size-default\">\u00bfCu\u00e1ndo se puede reparar la luna?<\/h2>\t\t\t\t<\/div>\n\t\t\t\t<div class=\"elementor-element elementor-element-d9eaec9 elementor-widget elementor-widget-text-editor\" data-id=\"d9eaec9\" data-element_type=\"widget\" data-widget_type=\"text-editor.default\">\n\t\t\t\t\t\t\t\t\t<p class=\"zfr3Q CDt4Ke \" dir=\"ltr\"><span class=\"C9DxTc \">Para poder reparar un impacto de una luna parabrisas, debe cumplirse una serie de condiciones:<\/span><\/p><ul class=\"n8H08c UVNKR \"><li class=\"zfr3Q TYR86d eD0Rn \" dir=\"ltr\"><p class=\"zfr3Q CDt4Ke \" dir=\"ltr\" role=\"presentation\"><strong><span class=\"C9DxTc \">El tama\u00f1o del impacto en el parabrisas<\/span><\/strong><span class=\"C9DxTc \">\u00a0debe ser inferior a una moneda de 2 euros, aproximadamente 40 mm de di\u00e1metro.\u00a0<\/span><\/p><\/li><li class=\"zfr3Q TYR86d eD0Rn \" dir=\"ltr\"><p class=\"zfr3Q CDt4Ke \" dir=\"ltr\" role=\"presentation\"><strong><span class=\"C9DxTc \">Los cr\u00e1teres deben tener menos de 5 mm<\/span><\/strong><span class=\"C9DxTc \">\u00a0y el da\u00f1o no debe afectar las escamas dentro del vidrio.\u00a0<\/span><\/p><\/li><li class=\"zfr3Q TYR86d eD0Rn \" dir=\"ltr\"><p class=\"zfr3Q CDt4Ke \" dir=\"ltr\" role=\"presentation\"><span class=\"C9DxTc \">El impacto\u00a0<\/span><strong><span class=\"C9DxTc \">no debe estar dentro de la l\u00ednea de visi\u00f3n<\/span><\/strong><span class=\"C9DxTc \">\u00a0directa del conductor.<\/span><\/p><\/li><li class=\"zfr3Q TYR86d eD0Rn \" dir=\"ltr\"><p class=\"zfr3Q CDt4Ke \" dir=\"ltr\" role=\"presentation\"><span class=\"C9DxTc \">El parabrisas<strong>\u00a0<\/strong><\/span><strong><span class=\"C9DxTc \">no debe tener grietas o fisuras que superen los 50 mm<\/span><\/strong><span class=\"C9DxTc \">\u00a0o que se originen en el borde del parabrisas.\u00a0<\/span><\/p><\/li><li class=\"zfr3Q TYR86d eD0Rn \" dir=\"ltr\"><p class=\"zfr3Q CDt4Ke \" dir=\"ltr\" role=\"presentation\"><span class=\"C9DxTc \">No hay grietas m\u00faltiples con cr\u00e1teres consecutivos separados menos de 10 mm.<\/span><\/p><\/li><\/ul><p class=\"zfr3Q CDt4Ke \" dir=\"ltr\"><span class=\"C9DxTc \">Estamos aqu\u00ed para ayudarte con la reparaci\u00f3n de cristales y garantizar el buen funcionamiento de tu veh\u00edculo. Nos encontramos ubicados en Pedreguer.<\/span><\/p>\t\t\t\t\t\t\t\t<\/div>\n\t\t\t\t<div class=\"elementor-element elementor-element-6690022 elementor-align-center elementor-widget elementor-widget-button\" data-id=\"6690022\" data-element_type=\"widget\" data-widget_type=\"button.default\">\n\t\t\t\t\t\t\t\t\t\t<a class=\"elementor-button elementor-button-link elementor-size-sm\" href=\"#\">\n\t\t\t\t\t\t<span class=\"elementor-button-content-wrapper\">\n\t\t\t\t\t\t\t\t\t<span class=\"elementor-button-text\">Reserva tu cambio de luna ahora<\/span>\n\t\t\t\t\t<\/span>\n\t\t\t\t\t<\/a>\n\t\t\t\t\t\t\t\t<\/div>\n\t\t\t\t\t<\/div>\n\t\t\t\t<\/div>\n\t\t<div class=\"elementor-element elementor-element-31a7862 e-flex e-con-boxed e-con e-parent\" data-id=\"31a7862\" data-element_type=\"container\">\n\t\t\t\t\t<div class=\"e-con-inner\">\n\t\t\t\t<div class=\"elementor-element elementor-element-e33b3c6 elementor-widget elementor-widget-heading\" data-id=\"e33b3c6\" data-element_type=\"widget\" data-widget_type=\"heading.default\">\n\t\t\t\t\t<h2 class=\"elementor-heading-title elementor-size-default\">Razones por las que deber\u00eda utilizar nuestro servicio<\/h2>\t\t\t\t<\/div>\n\t\t\t\t<div class=\"elementor-element elementor-element-91823ae elementor-widget elementor-widget-text-editor\" data-id=\"91823ae\" data-element_type=\"widget\" data-widget_type=\"text-editor.default\">\n\t\t\t\t\t\t\t\t\t<p class=\"zfr3Q CDt4Ke \" dir=\"ltr\"><span class=\"C9DxTc \">Hay varias razones por las que deber\u00eda utilizar nuestro servicio de<strong>\u00a0<\/strong><\/span><strong><span class=\"C9DxTc \">reparaci\u00f3n de lunas<\/span><\/strong><span class=\"C9DxTc \">\u00a0en Auto Recambios Crisam en\u00a0<\/span><span class=\"C9DxTc \">Pedreguer<\/span><span class=\"C9DxTc \">. Aqu\u00ed mencionar\u00e9 algunos de ellos:<\/span><\/p><ul class=\"n8H08c UVNKR \"><li class=\"zfr3Q TYR86d eD0Rn \" dir=\"ltr\"><p class=\"zfr3Q CDt4Ke \" dir=\"ltr\" role=\"presentation\"><strong><span class=\"C9DxTc \">Ahorre tiempo y dinero:<\/span><\/strong><span class=\"C9DxTc \"><strong>\u00a0<\/strong>la reparaci\u00f3n del vidrio es mucho m\u00e1s econ\u00f3mica que reemplazar el vidrio completo. Adem\u00e1s, el proceso de reparaci\u00f3n suele ser mucho m\u00e1s r\u00e1pido que el proceso de reemplazo, lo que le ahorra tiempo y molestias.<\/span><\/p><\/li><li class=\"zfr3Q TYR86d eD0Rn \" dir=\"ltr\"><p class=\"zfr3Q CDt4Ke \" dir=\"ltr\" role=\"presentation\"><span class=\"C9DxTc \"><strong>Seguridad:<\/strong>\u00a0<\/span><span class=\"C9DxTc \">Los cristales rotos pueden poner en peligro la seguridad del veh\u00edculo y de sus ocupantes. Con la reparaci\u00f3n de lunas podemos asegurarnos de que tu veh\u00edculo est\u00e9 en excelentes condiciones para que puedas conducir con tranquilidad.<\/span><\/p><\/li><li class=\"zfr3Q TYR86d eD0Rn \" dir=\"ltr\"><p class=\"zfr3Q CDt4Ke \" dir=\"ltr\" role=\"presentation\"><strong><span class=\"C9DxTc \">Experiencia y Conocimiento:<\/span><\/strong><span class=\"C9DxTc \">\u00a0Contamos con un equipo de t\u00e9cnicos en reparaci\u00f3n de vidrios altamente capacitados y experimentados. Sabemos exactamente c\u00f3mo restaurar cristales de diferentes tama\u00f1os y formas, y utilizamos t\u00e9cnicas avanzadas para garantizar resultados de alta calidad.<\/span><\/p><\/li><li class=\"zfr3Q TYR86d eD0Rn \" dir=\"ltr\"><p class=\"zfr3Q CDt4Ke \" dir=\"ltr\" role=\"presentation\"><strong><span class=\"C9DxTc \">Servicio al Cliente:<\/span><\/strong><span class=\"C9DxTc \">\u00a0Brindamos un excelente servicio al cliente. Nos aseguramos de que nuestros clientes est\u00e9n contentos con el trabajo que hacemos y estamos disponibles para responder cualquier pregunta o inquietud que pueda tener.<\/span><\/p><\/li><li class=\"zfr3Q TYR86d eD0Rn \" dir=\"ltr\"><p class=\"zfr3Q CDt4Ke \" dir=\"ltr\" role=\"presentation\"><strong><span class=\"C9DxTc \">Garant\u00eda:<\/span><\/strong><span class=\"C9DxTc \">\u00a0O<\/span><span class=\"C9DxTc \">frecemos garant\u00eda para todas las reparaciones de vidrios. Si por alguna raz\u00f3n no est\u00e1 satisfecho con lo que hemos hecho, nos aseguraremos de hacer todo lo necesario para que est\u00e9 completamente satisfecho.<\/span><\/p><\/li><\/ul>\t\t\t\t\t\t\t\t<\/div>\n\t\t\t\t<div class=\"elementor-element elementor-element-4c9871e elementor-widget elementor-widget-image\" data-id=\"4c9871e\" data-element_type=\"widget\" data-widget_type=\"image.default\">\n\t\t\t\t\t\t\t\t\t\t\t\t\t\t\t<img fetchpriority=\"high\" decoding=\"async\" width=\"800\" height=\"450\" src=\"https:\/\/funny-moser.217-160-204-99.plesk.page\/wp-content\/uploads\/2025\/07\/automotriz-1024x576.jpg\" class=\"attachment-large size-large wp-image-106\" alt=\"T\u00e9cnico reparando luna de cristal\" srcset=\"https:\/\/funny-moser.217-160-204-99.plesk.page\/wp-content\/uploads\/2025\/07\/automotriz-1024x576.jpg 1024w, https:\/\/funny-moser.217-160-204-99.plesk.page\/wp-content\/uploads\/2025\/07\/automotriz-300x169.jpg 300w, https:\/\/funny-moser.217-160-204-99.plesk.page\/wp-content\/uploads\/2025\/07\/automotriz-768x432.jpg 768w, https:\/\/funny-moser.217-160-204-99.plesk.page\/wp-content\/uploads\/2025\/07\/automotriz.jpg 1200w\" sizes=\"(max-width: 800px) 100vw, 800px\" \/>\t\t\t\t\t\t\t\t\t\t\t\t\t\t\t<\/div>\n\t\t\t\t\t<\/div>\n\t\t\t\t<\/div>\n\t\t<div class=\"elementor-element elementor-element-8144d4e e-flex e-con-boxed e-con e-parent\" data-id=\"8144d4e\" data-element_type=\"container\">\n\t\t\t\t\t<div class=\"e-con-inner\">\n\t\t\t\t<div class=\"elementor-element elementor-element-93b153e elementor-widget elementor-widget-heading\" data-id=\"93b153e\" data-element_type=\"widget\" data-widget_type=\"heading.default\">\n\t\t\t\t\t<h2 class=\"elementor-heading-title elementor-size-default\">Servicio de cambio de cristales<\/h2>\t\t\t\t<\/div>\n\t\t\t\t<div class=\"elementor-element elementor-element-3d27dc6 elementor-widget elementor-widget-text-editor\" data-id=\"3d27dc6\" data-element_type=\"widget\" data-widget_type=\"text-editor.default\">\n\t\t\t\t\t\t\t\t\t<p class=\"zfr3Q CDt4Ke \" dir=\"ltr\"><span class=\"C9DxTc \">En Auto Centro Crisam, tambi\u00e9n ofrecemos el\u00a0<\/span><span class=\"C9DxTc \"><strong>reemplazo de vidrios para su veh\u00edculo<\/strong>\u00a0<\/span><span class=\"C9DxTc \">en Pedreguer<\/span><span class=\"C9DxTc \">. Si su vidrio est\u00e1 da\u00f1ado o agrietado sin posibilidad de reparaci\u00f3n, podemos\u00a0<\/span><strong><span class=\"C9DxTc \">reemplazarlo con vidrio nuevo de alta calidad<\/span><\/strong><span class=\"C9DxTc \">. Ofrecemos una amplia gama de cristales, desde lunas laterales hasta lunas delanteras y traseras. Trabajamos con los mejores fabricantes de cristales para ofrecerle productos de alta calidad.<\/span><\/p><p class=\"zfr3Q CDt4Ke \" dir=\"ltr\"><span class=\"C9DxTc \">Adem\u00e1s, en Auto Centro Crisam, nos enfocamos en un excelente servicio al cliente. Nos aseguramos de que nuestros clientes est\u00e9n\u00a0<\/span><strong><span class=\"C9DxTc \">contentos con el trabajo que hacemos<\/span><\/strong><span class=\"C9DxTc \">\u00a0y estamos disponibles para responder cualquier pregunta o inquietud que pueda tener.<\/span><\/p>\t\t\t\t\t\t\t\t<\/div>\n\t\t\t\t\t<\/div>\n\t\t\t\t<\/div>\n\t\t\t\t<\/div>\n\t\t","protected":false},"excerpt":{"rendered":"<p>REPARACI\u00d3N DE CRISTALES \u00bfCu\u00e1ndo se puede reparar la luna? Para poder reparar un impacto de una luna parabrisas, debe cumplirse una serie de condiciones: El tama\u00f1o del impacto en el parabrisas\u00a0debe ser inferior a una moneda de 2 euros, aproximadamente 40 mm de di\u00e1metro.\u00a0 Los cr\u00e1teres deben tener menos de 5 mm\u00a0y el da\u00f1o no [&hellip;]<\/p>\n","protected":false},"author":1,"featured_media":0,"parent":0,"menu_order":0,"comment_status":"closed","ping_status":"closed","template":"","meta":{"footnotes":""},"class_list":["post-103","page","type-page","status-publish","hentry"],"_links":{"self":[{"href":"https:\/\/funny-moser.217-160-204-99.plesk.page\/index.php\/wp-json\/wp\/v2\/pages\/103","targetHints":{"allow":["GET"]}}],"collection":[{"href":"https:\/\/funny-moser.217-160-204-99.plesk.page\/index.php\/wp-json\/wp\/v2\/pages"}],"about":[{"href":"https:\/\/funny-moser.217-160-204-99.plesk.page\/index.php\/wp-json\/wp\/v2\/types\/page"}],"author":[{"embeddable":true,"href":"https:\/\/funny-moser.217-160-204-99.plesk.page\/index.php\/wp-json\/wp\/v2\/users\/1"}],"replies":[{"embeddable":true,"href":"https:\/\/funny-moser.217-160-204-99.plesk.page\/index.php\/wp-json\/wp\/v2\/comments?post=103"}],"version-history":[{"count":19,"href":"https:\/\/funny-moser.217-160-204-99.plesk.page\/index.php\/wp-json\/wp\/v2\/pages\/103\/revisions"}],"predecessor-version":[{"id":268,"href":"https:\/\/funny-moser.217-160-204-99.plesk.page\/index.php\/wp-json\/wp\/v2\/pages\/103\/revisions\/268"}],"wp:attachment":[{"href":"https:\/\/funny-moser.217-160-204-99.plesk.page\/index.php\/wp-json\/wp\/v2\/media?parent=103"}],"curies":[{"name":"wp","href":"https:\/\/api.w.org\/{rel}","templated":true}]}}