{"id":110,"date":"2025-07-16T10:17:29","date_gmt":"2025-07-16T10:17:29","guid":{"rendered":"https:\/\/funny-moser.217-160-204-99.plesk.page\/?page_id=110"},"modified":"2025-07-22T09:10:26","modified_gmt":"2025-07-22T09:10:26","slug":"servicio-electrico-automotriz","status":"publish","type":"page","link":"https:\/\/funny-moser.217-160-204-99.plesk.page\/index.php\/servicio-electrico-automotriz\/","title":{"rendered":"Servicio el\u00e9ctrico automotriz"},"content":{"rendered":"\t\t<div data-elementor-type=\"wp-page\" data-elementor-id=\"110\" class=\"elementor elementor-110\" data-elementor-post-type=\"page\">\n\t\t\t\t<div class=\"elementor-element elementor-element-385405a e-flex e-con-boxed e-con e-parent\" data-id=\"385405a\" data-element_type=\"container\" data-settings=\"{&quot;background_background&quot;:&quot;classic&quot;}\">\n\t\t\t\t\t<div class=\"e-con-inner\">\n\t\t\t\t<div class=\"elementor-element elementor-element-faa6f11 elementor-widget elementor-widget-heading\" data-id=\"faa6f11\" data-element_type=\"widget\" data-widget_type=\"heading.default\">\n\t\t\t\t\t<h2 class=\"elementor-heading-title elementor-size-default\">SERVICIO EL\u00c9CTRICO AUTOMOTRIZ<\/h2>\t\t\t\t<\/div>\n\t\t\t\t<div class=\"elementor-element elementor-element-e223a67 elementor-widget-divider--view-line elementor-widget elementor-widget-divider\" data-id=\"e223a67\" data-element_type=\"widget\" data-widget_type=\"divider.default\">\n\t\t\t\t\t\t\t<div class=\"elementor-divider\">\n\t\t\t<span class=\"elementor-divider-separator\">\n\t\t\t\t\t\t<\/span>\n\t\t<\/div>\n\t\t\t\t\t\t<\/div>\n\t\t\t\t\t<\/div>\n\t\t\t\t<\/div>\n\t\t<div class=\"elementor-element elementor-element-0ea708c e-flex e-con-boxed e-con e-parent\" data-id=\"0ea708c\" data-element_type=\"container\">\n\t\t\t\t\t<div class=\"e-con-inner\">\n\t\t\t\t<div class=\"elementor-element elementor-element-cb08b07 elementor-widget elementor-widget-text-editor\" data-id=\"cb08b07\" data-element_type=\"widget\" data-widget_type=\"text-editor.default\">\n\t\t\t\t\t\t\t\t\t<p class=\"zfr3Q CDt4Ke \" dir=\"ltr\"><strong><span class=\"C9DxTc \">Auto Centro Crisam en\u00a0<\/span><\/strong><span class=\"C9DxTc \"><strong>Pedreguer<\/strong>,<\/span><span class=\"C9DxTc \">\u00a0<\/span><span class=\"C9DxTc \">somos un taller automotriz especializado en mantenimiento reactivo de sistemas el\u00e9ctricos y electr\u00f3nicos en la industria del autom\u00f3vil.<\/span><\/p><p class=\"zfr3Q CDt4Ke \" dir=\"ltr\"><span class=\"C9DxTc \">Cuando se trata del mantenimiento de un autom\u00f3vil, lo primero que se le viene a la mente pueden ser piezas como embragues, motores o neum\u00e1ticos. Si bien la mec\u00e1nica sigue siendo una parte importante del mantenimiento del veh\u00edculo, los sistemas electr\u00f3nicos desempe\u00f1an un papel vital para que el autom\u00f3vil funcione correctamente.<\/span><\/p><p class=\"zfr3Q CDt4Ke \" dir=\"ltr\"><span class=\"C9DxTc \">Hoy en d\u00eda, la complejidad de los sistemas de veh\u00edculos el\u00e9ctricos ha aumentado significativamente en comparaci\u00f3n con a\u00f1os anteriores para satisfacer nuestras demandas tecnol\u00f3gicas cada vez mayores.<\/span><\/p>\t\t\t\t\t\t\t\t<\/div>\n\t\t\t\t<div class=\"elementor-element elementor-element-d573568 elementor-align-center elementor-widget elementor-widget-button\" data-id=\"d573568\" data-element_type=\"widget\" data-widget_type=\"button.default\">\n\t\t\t\t\t\t\t\t\t\t<a class=\"elementor-button elementor-button-link elementor-size-sm\" href=\"#\">\n\t\t\t\t\t\t<span class=\"elementor-button-content-wrapper\">\n\t\t\t\t\t\t\t\t\t<span class=\"elementor-button-text\">Agenda tu cita ahora<\/span>\n\t\t\t\t\t<\/span>\n\t\t\t\t\t<\/a>\n\t\t\t\t\t\t\t\t<\/div>\n\t\t\t\t\t<\/div>\n\t\t\t\t<\/div>\n\t\t<div class=\"elementor-element elementor-element-5cf8186 e-flex e-con-boxed e-con e-parent\" data-id=\"5cf8186\" data-element_type=\"container\">\n\t\t\t\t\t<div class=\"e-con-inner\">\n\t\t\t\t<div class=\"elementor-element elementor-element-d85df1b elementor-widget elementor-widget-heading\" data-id=\"d85df1b\" data-element_type=\"widget\" data-widget_type=\"heading.default\">\n\t\t\t\t\t<h2 class=\"elementor-heading-title elementor-size-default\">\u00bfQu\u00e9 servicio el\u00e9ctrico automotriz ofrecemos?<\/h2>\t\t\t\t<\/div>\n\t\t\t\t<div class=\"elementor-element elementor-element-93e122f elementor-widget elementor-widget-text-editor\" data-id=\"93e122f\" data-element_type=\"widget\" data-widget_type=\"text-editor.default\">\n\t\t\t\t\t\t\t\t\t<p class=\"zfr3Q CDt4Ke \" dir=\"ltr\"><span class=\"C9DxTc \">En Auto Centro Crisam, ofrecemos un<span style=\"text-decoration: underline;\">\u00a0<\/span><\/span><span style=\"text-decoration: underline;\"><strong><span class=\"C9DxTc aw5Odc \">servicio el\u00e9ctrico automotriz completo y profesional<\/span><\/strong><\/span><span class=\"C9DxTc \">\u00a0<\/span><span class=\"C9DxTc \">en\u00a0<\/span><span class=\"C9DxTc \">Pedreguer<\/span><span class=\"C9DxTc \">\u00a0para mantener su veh\u00edculo en las mejores condiciones el\u00e9ctricas.<\/span><\/p><p class=\"zfr3Q CDt4Ke \" dir=\"ltr\"><span class=\"C9DxTc \">Nuestros t\u00e9cnicos capacitados pueden ayudarlo con una variedad de problemas el\u00e9ctricos, desde sistemas de encendido y arranque hasta sistemas de iluminaci\u00f3n, sistemas de carga y m\u00e1s.\u00a0<\/span><\/p><p class=\"zfr3Q CDt4Ke \" dir=\"ltr\"><span class=\"C9DxTc \">Los servicios que brindamos incluyen:<\/span><\/p><ul class=\"n8H08c UVNKR \"><li class=\"zfr3Q TYR86d eD0Rn \" dir=\"ltr\"><p class=\"zfr3Q CDt4Ke \" dir=\"ltr\" role=\"presentation\"><span class=\"C9DxTc \">Diagn\u00f3stico de problemas el\u00e9ctricos.<\/span><\/p><\/li><li class=\"zfr3Q TYR86d eD0Rn \" dir=\"ltr\"><p class=\"zfr3Q CDt4Ke \" dir=\"ltr\" role=\"presentation\"><span class=\"C9DxTc \">Reemplazo y reparaci\u00f3n de bater\u00edas<\/span><\/p><\/li><li class=\"zfr3Q TYR86d eD0Rn \" dir=\"ltr\"><p class=\"zfr3Q CDt4Ke \" dir=\"ltr\" role=\"presentation\"><span class=\"C9DxTc \">Reparaci\u00f3n de sistema de arranque y encendido<\/span><\/p><\/li><li class=\"zfr3Q TYR86d eD0Rn \" dir=\"ltr\"><p class=\"zfr3Q CDt4Ke \" dir=\"ltr\" role=\"presentation\"><span class=\"C9DxTc \">Reparaci\u00f3n de sistemas de iluminaci\u00f3n.<\/span><\/p><\/li><li class=\"zfr3Q TYR86d eD0Rn \" dir=\"ltr\"><p class=\"zfr3Q CDt4Ke \" dir=\"ltr\" role=\"presentation\"><span class=\"C9DxTc \">Reparaci\u00f3n del sistema de carga<\/span><\/p><\/li><li class=\"zfr3Q TYR86d eD0Rn \" dir=\"ltr\"><p class=\"zfr3Q CDt4Ke \" dir=\"ltr\" role=\"presentation\"><span class=\"C9DxTc \">Mantenimiento del sistema de suministro de combustible<\/span><\/p><\/li><li class=\"zfr3Q TYR86d eD0Rn \" dir=\"ltr\"><p class=\"zfr3Q CDt4Ke \" dir=\"ltr\" role=\"presentation\"><span class=\"C9DxTc \">Instalar un sistema de sonido y entretenimiento.<\/span><\/p><\/li><\/ul><p class=\"zfr3Q CDt4Ke \" dir=\"ltr\"><span class=\"C9DxTc \">En Auto Recambios Crisam contamos con las<strong>\u00a0<\/strong><\/span><strong><span class=\"C9DxTc \">herramientas y equipos de diagn\u00f3stico m\u00e1s avanzados<\/span><\/strong><span class=\"C9DxTc \">\u00a0para garantizar el correcto funcionamiento de su veh\u00edculo. Nos enfocamos en un\u00a0<\/span><strong><span class=\"C9DxTc \">servicio de alta calidad y buen trabajo<\/span><\/strong><span class=\"C9DxTc \">\u00a0para garantizar que est\u00e9 satisfecho con nuestros servicios.\u00a0<\/span><\/p><p class=\"zfr3Q CDt4Ke \" dir=\"ltr\"><span class=\"C9DxTc \">Si tienes problemas el\u00e9ctricos con tu veh\u00edculo,\u00a0<\/span><strong><span class=\"C9DxTc \">cont\u00e1ctanos en Auto Recambios Crisam<\/span><\/strong><span class=\"C9DxTc \">. Estamos aqu\u00ed para ayudarlo a resolver todos sus problemas el\u00e9ctricos y mantener su autom\u00f3vil en las mejores condiciones el\u00e9ctricas.<\/span><\/p>\t\t\t\t\t\t\t\t<\/div>\n\t\t\t\t<div class=\"elementor-element elementor-element-da9534a elementor-widget elementor-widget-image\" data-id=\"da9534a\" data-element_type=\"widget\" data-widget_type=\"image.default\">\n\t\t\t\t\t\t\t\t\t\t\t\t\t\t\t<img fetchpriority=\"high\" decoding=\"async\" width=\"800\" height=\"450\" src=\"https:\/\/funny-moser.217-160-204-99.plesk.page\/wp-content\/uploads\/2025\/07\/mantenimiento-1024x576.jpg\" class=\"attachment-large size-large wp-image-112\" alt=\"Chico revisando parte de abajo del coche\" srcset=\"https:\/\/funny-moser.217-160-204-99.plesk.page\/wp-content\/uploads\/2025\/07\/mantenimiento-1024x576.jpg 1024w, https:\/\/funny-moser.217-160-204-99.plesk.page\/wp-content\/uploads\/2025\/07\/mantenimiento-300x169.jpg 300w, https:\/\/funny-moser.217-160-204-99.plesk.page\/wp-content\/uploads\/2025\/07\/mantenimiento-768x432.jpg 768w, https:\/\/funny-moser.217-160-204-99.plesk.page\/wp-content\/uploads\/2025\/07\/mantenimiento.jpg 1200w\" sizes=\"(max-width: 800px) 100vw, 800px\" \/>\t\t\t\t\t\t\t\t\t\t\t\t\t\t\t<\/div>\n\t\t\t\t\t<\/div>\n\t\t\t\t<\/div>\n\t\t<div class=\"elementor-element elementor-element-8afd258 e-flex e-con-boxed e-con e-parent\" data-id=\"8afd258\" data-element_type=\"container\">\n\t\t\t\t\t<div class=\"e-con-inner\">\n\t\t\t\t<div class=\"elementor-element elementor-element-fb69735 elementor-widget elementor-widget-heading\" data-id=\"fb69735\" data-element_type=\"widget\" data-widget_type=\"heading.default\">\n\t\t\t\t\t<h2 class=\"elementor-heading-title elementor-size-default\">Evite da\u00f1os realizando mantenimiento el\u00e9ctrico<\/h2>\t\t\t\t<\/div>\n\t\t\t\t<div class=\"elementor-element elementor-element-8dc7c2a elementor-widget elementor-widget-text-editor\" data-id=\"8dc7c2a\" data-element_type=\"widget\" data-widget_type=\"text-editor.default\">\n\t\t\t\t\t\t\t\t\t<p class=\"zfr3Q CDt4Ke \" dir=\"ltr\"><span class=\"C9DxTc \">Realizar el mantenimiento el\u00e9ctrico del autom\u00f3vil es una parte importante del cuidado y mantenimiento regular. Aqu\u00ed hay algunas razones por las que el mantenimiento el\u00e9ctrico regular es importante:<\/span><\/p><ul class=\"n8H08c UVNKR \"><li class=\"zfr3Q TYR86d eD0Rn \" dir=\"ltr\"><p class=\"zfr3Q CDt4Ke \" dir=\"ltr\" role=\"presentation\"><span class=\"C9DxTc \"><strong>Evite da\u00f1os costosos:<\/strong>\u00a0<\/span><span class=\"C9DxTc \">la falta de mantenimiento el\u00e9ctrico puede provocar da\u00f1os costosos en el sistema el\u00e9ctrico del veh\u00edculo. Por ejemplo, un sistema de carga inadecuado puede da\u00f1ar la bater\u00eda y otros componentes el\u00e9ctricos del veh\u00edculo.<\/span><\/p><\/li><li class=\"zfr3Q TYR86d eD0Rn \" dir=\"ltr\"><p class=\"zfr3Q CDt4Ke \" dir=\"ltr\" role=\"presentation\"><strong><span class=\"C9DxTc \">Eficiencia de combustible mejorada:<\/span><\/strong><span class=\"C9DxTc \">\u00a0Los sistemas el\u00e9ctricos eficientes pueden mejorar la eficiencia de combustible de un veh\u00edculo. Por ejemplo, un mal sistema de encendido puede hacer que su autom\u00f3vil use m\u00e1s gasolina de la necesaria.<\/span><\/p><\/li><li class=\"zfr3Q TYR86d eD0Rn \" dir=\"ltr\"><p class=\"zfr3Q CDt4Ke \" dir=\"ltr\" role=\"presentation\"><span class=\"C9DxTc \"><strong>Mejora el rendimiento del veh\u00edculo:<\/strong>\u00a0<\/span><span class=\"C9DxTc \">un sistema el\u00e9ctrico bien mantenido puede mejorar el rendimiento general de su veh\u00edculo. Por ejemplo, una bater\u00eda nueva y bien mantenida puede mejorar el arranque y el rendimiento del motor.<\/span><\/p><\/li><li class=\"zfr3Q TYR86d eD0Rn \" dir=\"ltr\"><p class=\"zfr3Q CDt4Ke \" dir=\"ltr\" role=\"presentation\"><span class=\"C9DxTc \"><strong>Evite problemas de seguridad:<\/strong>\u00a0<\/span><span class=\"C9DxTc \">el mantenimiento el\u00e9ctrico adecuado tambi\u00e9n puede mejorar la seguridad del veh\u00edculo. Por ejemplo, un sistema de iluminaci\u00f3n bien mantenido puede mejorar la visibilidad del conductor y reducir el riesgo de accidentes.<\/span><\/p><\/li><\/ul><p class=\"zfr3Q CDt4Ke \" dir=\"ltr\"><span class=\"C9DxTc \">En resumen, <strong>el\u00a0<\/strong><\/span><strong><span class=\"C9DxTc \">mantenimiento el\u00e9ctrico regular del veh\u00edculo<\/span><\/strong><span class=\"C9DxTc \"><strong>\u00a0<\/strong>puede evitar aver\u00edas costosas, mejorar la eficiencia del combustible, mejorar el rendimiento general del veh\u00edculo y mejorar la seguridad del veh\u00edculo. En Auto Recambios Crisam podemos ayudarte con\u00a0<\/span><strong><span class=\"C9DxTc \">cualquiera de las necesidades de mantenimiento el\u00e9ctrico de tu veh\u00edculo<\/span><\/strong><span class=\"C9DxTc \">. Le invitamos a ponerse en contacto con nosotros para programar una cita de reparaci\u00f3n hoy.<\/span><\/p>\t\t\t\t\t\t\t\t<\/div>\n\t\t\t\t\t<\/div>\n\t\t\t\t<\/div>\n\t\t\t\t<\/div>\n\t\t","protected":false},"excerpt":{"rendered":"<p>SERVICIO EL\u00c9CTRICO AUTOMOTRIZ Auto Centro Crisam en\u00a0Pedreguer,\u00a0somos un taller automotriz especializado en mantenimiento reactivo de sistemas el\u00e9ctricos y electr\u00f3nicos en la industria del autom\u00f3vil. Cuando se trata del mantenimiento de un autom\u00f3vil, lo primero que se le viene a la mente pueden ser piezas como embragues, motores o neum\u00e1ticos. Si bien la mec\u00e1nica sigue siendo [&hellip;]<\/p>\n","protected":false},"author":1,"featured_media":0,"parent":0,"menu_order":0,"comment_status":"closed","ping_status":"closed","template":"","meta":{"footnotes":""},"class_list":["post-110","page","type-page","status-publish","hentry"],"_links":{"self":[{"href":"https:\/\/funny-moser.217-160-204-99.plesk.page\/index.php\/wp-json\/wp\/v2\/pages\/110","targetHints":{"allow":["GET"]}}],"collection":[{"href":"https:\/\/funny-moser.217-160-204-99.plesk.page\/index.php\/wp-json\/wp\/v2\/pages"}],"about":[{"href":"https:\/\/funny-moser.217-160-204-99.plesk.page\/index.php\/wp-json\/wp\/v2\/types\/page"}],"author":[{"embeddable":true,"href":"https:\/\/funny-moser.217-160-204-99.plesk.page\/index.php\/wp-json\/wp\/v2\/users\/1"}],"replies":[{"embeddable":true,"href":"https:\/\/funny-moser.217-160-204-99.plesk.page\/index.php\/wp-json\/wp\/v2\/comments?post=110"}],"version-history":[{"count":16,"href":"https:\/\/funny-moser.217-160-204-99.plesk.page\/index.php\/wp-json\/wp\/v2\/pages\/110\/revisions"}],"predecessor-version":[{"id":271,"href":"https:\/\/funny-moser.217-160-204-99.plesk.page\/index.php\/wp-json\/wp\/v2\/pages\/110\/revisions\/271"}],"wp:attachment":[{"href":"https:\/\/funny-moser.217-160-204-99.plesk.page\/index.php\/wp-json\/wp\/v2\/media?parent=110"}],"curies":[{"name":"wp","href":"https:\/\/api.w.org\/{rel}","templated":true}]}}