{"id":116,"date":"2025-07-16T10:25:32","date_gmt":"2025-07-16T10:25:32","guid":{"rendered":"https:\/\/funny-moser.217-160-204-99.plesk.page\/?page_id=116"},"modified":"2025-07-22T09:11:05","modified_gmt":"2025-07-22T09:11:05","slug":"tienda-de-repuestos","status":"publish","type":"page","link":"https:\/\/funny-moser.217-160-204-99.plesk.page\/index.php\/tienda-de-repuestos\/","title":{"rendered":"Tienda de repuestos"},"content":{"rendered":"\t\t<div data-elementor-type=\"wp-page\" data-elementor-id=\"116\" class=\"elementor elementor-116\" data-elementor-post-type=\"page\">\n\t\t\t\t<div class=\"elementor-element elementor-element-24c9368 e-flex e-con-boxed e-con e-parent\" data-id=\"24c9368\" data-element_type=\"container\" data-settings=\"{&quot;background_background&quot;:&quot;classic&quot;}\">\n\t\t\t\t\t<div class=\"e-con-inner\">\n\t\t\t\t<div class=\"elementor-element elementor-element-609a67b elementor-widget elementor-widget-heading\" data-id=\"609a67b\" data-element_type=\"widget\" data-widget_type=\"heading.default\">\n\t\t\t\t\t<h2 class=\"elementor-heading-title elementor-size-default\">TIENDA DE REPUESTOS<\/h2>\t\t\t\t<\/div>\n\t\t\t\t<div class=\"elementor-element elementor-element-b7d6fcf elementor-widget-divider--view-line elementor-widget elementor-widget-divider\" data-id=\"b7d6fcf\" data-element_type=\"widget\" data-widget_type=\"divider.default\">\n\t\t\t\t\t\t\t<div class=\"elementor-divider\">\n\t\t\t<span class=\"elementor-divider-separator\">\n\t\t\t\t\t\t<\/span>\n\t\t<\/div>\n\t\t\t\t\t\t<\/div>\n\t\t\t\t\t<\/div>\n\t\t\t\t<\/div>\n\t\t<div class=\"elementor-element elementor-element-cbc33d3 e-flex e-con-boxed e-con e-parent\" data-id=\"cbc33d3\" data-element_type=\"container\">\n\t\t\t\t\t<div class=\"e-con-inner\">\n\t\t\t\t<div class=\"elementor-element elementor-element-97fb857 elementor-widget elementor-widget-text-editor\" data-id=\"97fb857\" data-element_type=\"widget\" data-widget_type=\"text-editor.default\">\n\t\t\t\t\t\t\t\t\t<p class=\"zfr3Q CDt4Ke \" dir=\"ltr\"><span class=\"C9DxTc \">\u00a1Bienvenido a la tienda de autopartes de\u00a0<\/span><strong><span class=\"C9DxTc \">Auto Recambios Crisam<\/span><\/strong><span class=\"C9DxTc \">\u00a0con los mejores precio y m\u00e1s confiable!<\/span><\/p><p class=\"zfr3Q CDt4Ke \" dir=\"ltr\"><span class=\"C9DxTc \">En\u00a0<\/span><span class=\"C9DxTc aw5Odc \">nuestra tienda<\/span><span class=\"C9DxTc \">\u00a0ofrecemos una amplia selecci\u00f3n de recambios de calidad para todo tipo de veh\u00edculos, desde piezas b\u00e1sicas hasta accesorios de alta gama.\u00a0<\/span><strong><span class=\"C9DxTc \">Con m\u00e1s de 10 a\u00f1os de experiencia<\/span><\/strong><span class=\"C9DxTc \">\u00a0en la industria, sabemos exactamente lo que necesita para que su veh\u00edculo luzca lo mejor posible.\u00a0<\/span><\/p><p class=\"zfr3Q CDt4Ke \" dir=\"ltr\"><span class=\"C9DxTc \">Adem\u00e1s, nuestro equipo bien capacitado est\u00e1 siempre a su servicio para brindarle asesoramiento t\u00e9cnico y profesional. Tambi\u00e9n ofrecemos una amplia gama de<strong>\u00a0<\/strong><\/span><strong><span class=\"C9DxTc \">productos de marcas reconocidas<\/span><\/strong><span class=\"C9DxTc \">\u00a0y una entrega r\u00e1pida y eficiente para que pueda recibir su pieza a tiempo.\u00a0<\/span><\/p>\t\t\t\t\t\t\t\t<\/div>\n\t\t\t\t<div class=\"elementor-element elementor-element-430f623 elementor-align-center elementor-widget elementor-widget-button\" data-id=\"430f623\" data-element_type=\"widget\" data-widget_type=\"button.default\">\n\t\t\t\t\t\t\t\t\t\t<a class=\"elementor-button elementor-button-link elementor-size-sm\" href=\"#\">\n\t\t\t\t\t\t<span class=\"elementor-button-content-wrapper\">\n\t\t\t\t\t\t\t\t\t<span class=\"elementor-button-text\">Ll\u00e1manos y preg\u00fantanos<\/span>\n\t\t\t\t\t<\/span>\n\t\t\t\t\t<\/a>\n\t\t\t\t\t\t\t\t<\/div>\n\t\t\t\t<div class=\"elementor-element elementor-element-54b71b5 elementor-widget elementor-widget-image\" data-id=\"54b71b5\" data-element_type=\"widget\" data-widget_type=\"image.default\">\n\t\t\t\t\t\t\t\t\t\t\t\t\t\t\t<img fetchpriority=\"high\" decoding=\"async\" width=\"463\" height=\"463\" src=\"https:\/\/funny-moser.217-160-204-99.plesk.page\/wp-content\/uploads\/2025\/07\/repuestos-1.png\" class=\"attachment-large size-large wp-image-118\" alt=\"Tienda de repuestos Crisam\" srcset=\"https:\/\/funny-moser.217-160-204-99.plesk.page\/wp-content\/uploads\/2025\/07\/repuestos-1.png 463w, https:\/\/funny-moser.217-160-204-99.plesk.page\/wp-content\/uploads\/2025\/07\/repuestos-1-300x300.png 300w, https:\/\/funny-moser.217-160-204-99.plesk.page\/wp-content\/uploads\/2025\/07\/repuestos-1-150x150.png 150w\" sizes=\"(max-width: 463px) 100vw, 463px\" \/>\t\t\t\t\t\t\t\t\t\t\t\t\t\t\t<\/div>\n\t\t\t\t<div class=\"elementor-element elementor-element-0fa8cf0 elementor-widget elementor-widget-text-editor\" data-id=\"0fa8cf0\" data-element_type=\"widget\" data-widget_type=\"text-editor.default\">\n\t\t\t\t\t\t\t\t\t<p class=\"zfr3Q CDt4Ke \" dir=\"ltr\"><span class=\"C9DxTc \">Nuestro almac\u00e9n de repuestos cuenta con un\u00a0<\/span><strong><span class=\"C9DxTc \">amplio stock de repuestos de calidad<\/span><\/strong><span class=\"C9DxTc \">\u00a0de los mejores fabricantes y marcas reconocidas.<\/span><\/p><p class=\"zfr3Q CDt4Ke \" dir=\"ltr\"><span class=\"C9DxTc \">Ofrecemos una amplia gama de repuestos para su autom\u00f3vil, que incluyen:<\/span><\/p><ul class=\"n8H08c UVNKR \"><li class=\"zfr3Q TYR86d eD0Rn \" dir=\"ltr\"><p class=\"zfr3Q CDt4Ke \" dir=\"ltr\" role=\"presentation\"><span class=\"C9DxTc \">Filtros de aire, aceite y combustible<\/span><\/p><\/li><li class=\"zfr3Q TYR86d eD0Rn \" dir=\"ltr\"><p class=\"zfr3Q CDt4Ke \" dir=\"ltr\" role=\"presentation\"><span class=\"C9DxTc \">Amortiguadores y suspensi\u00f3n<\/span><\/p><\/li><li class=\"zfr3Q TYR86d eD0Rn \" dir=\"ltr\"><p class=\"zfr3Q CDt4Ke \" dir=\"ltr\" role=\"presentation\"><span class=\"C9DxTc \">Frenos y discos<\/span><\/p><\/li><li class=\"zfr3Q TYR86d eD0Rn \" dir=\"ltr\"><p class=\"zfr3Q CDt4Ke \" dir=\"ltr\" role=\"presentation\"><span class=\"C9DxTc \">Correas y tensores de correas<\/span><\/p><\/li><li class=\"zfr3Q TYR86d eD0Rn \" dir=\"ltr\"><p class=\"zfr3Q CDt4Ke \" dir=\"ltr\" role=\"presentation\"><span class=\"C9DxTc \">Bater\u00eda<\/span><\/p><\/li><li class=\"zfr3Q TYR86d eD0Rn \" dir=\"ltr\"><p class=\"zfr3Q CDt4Ke \" dir=\"ltr\" role=\"presentation\"><span class=\"C9DxTc \">Bombas de agua y aceite<\/span><\/p><\/li><li class=\"zfr3Q TYR86d eD0Rn \" dir=\"ltr\"><p class=\"zfr3Q CDt4Ke \" dir=\"ltr\" role=\"presentation\"><span class=\"C9DxTc \">Componentes del sistema de escape<\/span><\/p><\/li><li class=\"zfr3Q TYR86d eD0Rn \" dir=\"ltr\"><p class=\"zfr3Q CDt4Ke \" dir=\"ltr\" role=\"presentation\"><span class=\"C9DxTc \">Componentes del motor y de la transmisi\u00f3n<\/span><\/p><\/li><li class=\"zfr3Q TYR86d eD0Rn \" dir=\"ltr\"><p class=\"zfr3Q CDt4Ke \" dir=\"ltr\" role=\"presentation\"><span class=\"C9DxTc \">Luces y faros<\/span><\/p><\/li><li class=\"zfr3Q TYR86d eD0Rn \" dir=\"ltr\"><p class=\"zfr3Q CDt4Ke \" dir=\"ltr\" role=\"presentation\"><span class=\"C9DxTc \">Componentes de direcci\u00f3n y suspensi\u00f3n y m\u00e1s<\/span><\/p><\/li><\/ul>\t\t\t\t\t\t\t\t<\/div>\n\t\t\t\t<div class=\"elementor-element elementor-element-1126cb0 elementor-widget elementor-widget-heading\" data-id=\"1126cb0\" data-element_type=\"widget\" data-widget_type=\"heading.default\">\n\t\t\t\t\t<h2 class=\"elementor-heading-title elementor-size-default\">Productos mas vendidos<\/h2>\t\t\t\t<\/div>\n\t\t\t\t\t<\/div>\n\t\t\t\t<\/div>\n\t\t<div class=\"elementor-element elementor-element-e91bbb1 e-flex e-con-boxed e-con e-parent\" data-id=\"e91bbb1\" data-element_type=\"container\">\n\t\t\t\t\t<div class=\"e-con-inner\">\n\t\t<div class=\"elementor-element elementor-element-de36b04 e-con-full e-flex e-con e-child\" data-id=\"de36b04\" data-element_type=\"container\">\n\t\t\t\t<div class=\"elementor-element elementor-element-770a988 elementor-widget elementor-widget-image\" data-id=\"770a988\" data-element_type=\"widget\" data-widget_type=\"image.default\">\n\t\t\t\t\t\t\t\t\t\t\t\t\t\t\t<img decoding=\"async\" width=\"675\" height=\"675\" src=\"https:\/\/funny-moser.217-160-204-99.plesk.page\/wp-content\/uploads\/2025\/07\/aceite.jpg\" class=\"attachment-large size-large wp-image-119\" alt=\"Bidones de aceite para el motor de coche\" srcset=\"https:\/\/funny-moser.217-160-204-99.plesk.page\/wp-content\/uploads\/2025\/07\/aceite.jpg 675w, https:\/\/funny-moser.217-160-204-99.plesk.page\/wp-content\/uploads\/2025\/07\/aceite-300x300.jpg 300w, https:\/\/funny-moser.217-160-204-99.plesk.page\/wp-content\/uploads\/2025\/07\/aceite-150x150.jpg 150w\" sizes=\"(max-width: 675px) 100vw, 675px\" \/>\t\t\t\t\t\t\t\t\t\t\t\t\t\t\t<\/div>\n\t\t\t\t<div class=\"elementor-element elementor-element-03e04e7 elementor-widget elementor-widget-heading\" data-id=\"03e04e7\" data-element_type=\"widget\" data-widget_type=\"heading.default\">\n\t\t\t\t\t<h2 class=\"elementor-heading-title elementor-size-default\">Aceite<\/h2>\t\t\t\t<\/div>\n\t\t\t\t<div class=\"elementor-element elementor-element-b267429 elementor-widget elementor-widget-text-editor\" data-id=\"b267429\" data-element_type=\"widget\" data-widget_type=\"text-editor.default\">\n\t\t\t\t\t\t\t\t\t<p><span class=\"C9DxTc \">Nuestros<strong>\u00a0<\/strong><\/span><strong><span class=\"C9DxTc \">aceites para motores automotrices<\/span><\/strong><span class=\"C9DxTc \">\u00a0son de alta calidad y est\u00e1n especialmente formulados para satisfacer las necesidades de una amplia gama de motores. Tanto si tienes un coche di\u00e9sel como gasolina, tenemos el aceite de motor m\u00e1s adecuado a tus necesidades.<\/span><\/p>\t\t\t\t\t\t\t\t<\/div>\n\t\t\t\t<\/div>\n\t\t<div class=\"elementor-element elementor-element-fb46b8a e-con-full e-flex e-con e-child\" data-id=\"fb46b8a\" data-element_type=\"container\">\n\t\t\t\t<div class=\"elementor-element elementor-element-18fd017 elementor-widget elementor-widget-image\" data-id=\"18fd017\" data-element_type=\"widget\" data-widget_type=\"image.default\">\n\t\t\t\t\t\t\t\t\t\t\t\t\t\t\t<img decoding=\"async\" width=\"675\" height=\"675\" src=\"https:\/\/funny-moser.217-160-204-99.plesk.page\/wp-content\/uploads\/2025\/07\/filtro.png\" class=\"attachment-large size-large wp-image-120\" alt=\"Filtros de aire para motor de coches\" srcset=\"https:\/\/funny-moser.217-160-204-99.plesk.page\/wp-content\/uploads\/2025\/07\/filtro.png 675w, https:\/\/funny-moser.217-160-204-99.plesk.page\/wp-content\/uploads\/2025\/07\/filtro-300x300.png 300w, https:\/\/funny-moser.217-160-204-99.plesk.page\/wp-content\/uploads\/2025\/07\/filtro-150x150.png 150w\" sizes=\"(max-width: 675px) 100vw, 675px\" \/>\t\t\t\t\t\t\t\t\t\t\t\t\t\t\t<\/div>\n\t\t\t\t<div class=\"elementor-element elementor-element-7ed95d3 elementor-widget elementor-widget-heading\" data-id=\"7ed95d3\" data-element_type=\"widget\" data-widget_type=\"heading.default\">\n\t\t\t\t\t<h2 class=\"elementor-heading-title elementor-size-default\">Filtro<\/h2>\t\t\t\t<\/div>\n\t\t\t\t<div class=\"elementor-element elementor-element-c6bfd94 elementor-widget elementor-widget-text-editor\" data-id=\"c6bfd94\" data-element_type=\"widget\" data-widget_type=\"text-editor.default\">\n\t\t\t\t\t\t\t\t\t<p><span class=\"C9DxTc \">Nuestro amplio cat\u00e1logo de productos incluye\u00a0<\/span><strong><span class=\"C9DxTc \">filtros de aire, aceite, combustible y habit\u00e1culo<\/span><\/strong><span class=\"C9DxTc \">\u00a0para todo tipo de veh\u00edculos. Cada producto est\u00e1 fabricado con materiales de la m\u00e1s alta calidad y dise\u00f1ado para cumplir con los m\u00e1s altos est\u00e1ndares de calidad.<\/span><\/p>\t\t\t\t\t\t\t\t<\/div>\n\t\t\t\t<\/div>\n\t\t<div class=\"elementor-element elementor-element-e75f431 e-con-full e-flex e-con e-child\" data-id=\"e75f431\" data-element_type=\"container\">\n\t\t\t\t<div class=\"elementor-element elementor-element-df3b2b2 elementor-widget elementor-widget-image\" data-id=\"df3b2b2\" data-element_type=\"widget\" data-widget_type=\"image.default\">\n\t\t\t\t\t\t\t\t\t\t\t\t\t\t\t<img loading=\"lazy\" decoding=\"async\" width=\"675\" height=\"675\" src=\"https:\/\/funny-moser.217-160-204-99.plesk.page\/wp-content\/uploads\/2025\/07\/Amoritguadores.jpg\" class=\"attachment-large size-large wp-image-121\" alt=\"Diferentes tipos de amortiguadores\" srcset=\"https:\/\/funny-moser.217-160-204-99.plesk.page\/wp-content\/uploads\/2025\/07\/Amoritguadores.jpg 675w, https:\/\/funny-moser.217-160-204-99.plesk.page\/wp-content\/uploads\/2025\/07\/Amoritguadores-300x300.jpg 300w, https:\/\/funny-moser.217-160-204-99.plesk.page\/wp-content\/uploads\/2025\/07\/Amoritguadores-150x150.jpg 150w\" sizes=\"(max-width: 675px) 100vw, 675px\" \/>\t\t\t\t\t\t\t\t\t\t\t\t\t\t\t<\/div>\n\t\t\t\t<div class=\"elementor-element elementor-element-08ad7e6 elementor-widget elementor-widget-heading\" data-id=\"08ad7e6\" data-element_type=\"widget\" data-widget_type=\"heading.default\">\n\t\t\t\t\t<h2 class=\"elementor-heading-title elementor-size-default\">Amortiguadores<\/h2>\t\t\t\t<\/div>\n\t\t\t\t<div class=\"elementor-element elementor-element-910de88 elementor-widget elementor-widget-text-editor\" data-id=\"910de88\" data-element_type=\"widget\" data-widget_type=\"text-editor.default\">\n\t\t\t\t\t\t\t\t\t<p><span class=\"C9DxTc \">Nuestros amortiguadores estan fabricados con materiales de la m\u00e1s alta calidad y dise\u00f1ados para el consumo con los m\u00e1s altos est\u00e1ndares de calidad. Adem\u00e1s, ofrecemos una amplia selecci\u00f3n de\u00a0<\/span><strong><span class=\"C9DxTc \">amortiguadores\u00a0<\/span><\/strong><span class=\"C9DxTc \">para todo tipo de veh\u00edculos, desde peque\u00f1os hatchbacks hasta grandes SUV.<\/span><\/p>\t\t\t\t\t\t\t\t<\/div>\n\t\t\t\t<\/div>\n\t\t\t\t\t<\/div>\n\t\t\t\t<\/div>\n\t\t<div class=\"elementor-element elementor-element-b3a6131 e-flex e-con-boxed e-con e-parent\" data-id=\"b3a6131\" data-element_type=\"container\">\n\t\t\t\t\t<div class=\"e-con-inner\">\n\t\t\t\t<div class=\"elementor-element elementor-element-c7f5cf4 elementor-widget elementor-widget-image\" data-id=\"c7f5cf4\" data-element_type=\"widget\" data-widget_type=\"image.default\">\n\t\t\t\t\t\t\t\t\t\t\t\t\t\t\t<img loading=\"lazy\" decoding=\"async\" width=\"800\" height=\"450\" src=\"https:\/\/funny-moser.217-160-204-99.plesk.page\/wp-content\/uploads\/2025\/07\/motor-1024x576.jpg\" class=\"attachment-large size-large wp-image-122\" alt=\"Chico con apuntes revisando motor coche\" srcset=\"https:\/\/funny-moser.217-160-204-99.plesk.page\/wp-content\/uploads\/2025\/07\/motor-1024x576.jpg 1024w, https:\/\/funny-moser.217-160-204-99.plesk.page\/wp-content\/uploads\/2025\/07\/motor-300x169.jpg 300w, https:\/\/funny-moser.217-160-204-99.plesk.page\/wp-content\/uploads\/2025\/07\/motor-768x432.jpg 768w, https:\/\/funny-moser.217-160-204-99.plesk.page\/wp-content\/uploads\/2025\/07\/motor.jpg 1200w\" sizes=\"(max-width: 800px) 100vw, 800px\" \/>\t\t\t\t\t\t\t\t\t\t\t\t\t\t\t<\/div>\n\t\t\t\t<div class=\"elementor-element elementor-element-8be5413 elementor-widget elementor-widget-text-editor\" data-id=\"8be5413\" data-element_type=\"widget\" data-widget_type=\"text-editor.default\">\n\t\t\t\t\t\t\t\t\t<p><strong>Visita nuestra tienda<\/strong> de repuestos en Pedreguer o <strong>comun\u00edcate con nosotros<\/strong> para obtener m\u00e1s informaci\u00f3n sobre nuestros repuestos y precios. Estamos aqu\u00ed para ayudarlo a encontrar las mejores piezas para su veh\u00edculo y mantenerlo funcionando.<\/p>\t\t\t\t\t\t\t\t<\/div>\n\t\t\t\t\t<\/div>\n\t\t\t\t<\/div>\n\t\t\t\t<\/div>\n\t\t","protected":false},"excerpt":{"rendered":"<p>TIENDA DE REPUESTOS \u00a1Bienvenido a la tienda de autopartes de\u00a0Auto Recambios Crisam\u00a0con los mejores precio y m\u00e1s confiable! En\u00a0nuestra tienda\u00a0ofrecemos una amplia selecci\u00f3n de recambios de calidad para todo tipo de veh\u00edculos, desde piezas b\u00e1sicas hasta accesorios de alta gama.\u00a0Con m\u00e1s de 10 a\u00f1os de experiencia\u00a0en la industria, sabemos exactamente lo que necesita para que [&hellip;]<\/p>\n","protected":false},"author":1,"featured_media":0,"parent":0,"menu_order":0,"comment_status":"closed","ping_status":"closed","template":"","meta":{"footnotes":""},"class_list":["post-116","page","type-page","status-publish","hentry"],"_links":{"self":[{"href":"https:\/\/funny-moser.217-160-204-99.plesk.page\/index.php\/wp-json\/wp\/v2\/pages\/116","targetHints":{"allow":["GET"]}}],"collection":[{"href":"https:\/\/funny-moser.217-160-204-99.plesk.page\/index.php\/wp-json\/wp\/v2\/pages"}],"about":[{"href":"https:\/\/funny-moser.217-160-204-99.plesk.page\/index.php\/wp-json\/wp\/v2\/types\/page"}],"author":[{"embeddable":true,"href":"https:\/\/funny-moser.217-160-204-99.plesk.page\/index.php\/wp-json\/wp\/v2\/users\/1"}],"replies":[{"embeddable":true,"href":"https:\/\/funny-moser.217-160-204-99.plesk.page\/index.php\/wp-json\/wp\/v2\/comments?post=116"}],"version-history":[{"count":13,"href":"https:\/\/funny-moser.217-160-204-99.plesk.page\/index.php\/wp-json\/wp\/v2\/pages\/116\/revisions"}],"predecessor-version":[{"id":274,"href":"https:\/\/funny-moser.217-160-204-99.plesk.page\/index.php\/wp-json\/wp\/v2\/pages\/116\/revisions\/274"}],"wp:attachment":[{"href":"https:\/\/funny-moser.217-160-204-99.plesk.page\/index.php\/wp-json\/wp\/v2\/media?parent=116"}],"curies":[{"name":"wp","href":"https:\/\/api.w.org\/{rel}","templated":true}]}}