{"id":129,"date":"2025-07-17T07:21:15","date_gmt":"2025-07-17T07:21:15","guid":{"rendered":"https:\/\/funny-moser.217-160-204-99.plesk.page\/?page_id=129"},"modified":"2025-07-22T09:16:09","modified_gmt":"2025-07-22T09:16:09","slug":"contacto","status":"publish","type":"page","link":"https:\/\/funny-moser.217-160-204-99.plesk.page\/index.php\/contacto\/","title":{"rendered":"Contacto"},"content":{"rendered":"\t\t<div data-elementor-type=\"wp-page\" data-elementor-id=\"129\" class=\"elementor elementor-129\" data-elementor-post-type=\"page\">\n\t\t\t\t<div class=\"elementor-element elementor-element-987ff65 e-flex e-con-boxed e-con e-parent\" data-id=\"987ff65\" data-element_type=\"container\" data-settings=\"{&quot;background_background&quot;:&quot;classic&quot;}\">\n\t\t\t\t\t<div class=\"e-con-inner\">\n\t\t\t\t<div class=\"elementor-element elementor-element-31b250b elementor-widget elementor-widget-heading\" data-id=\"31b250b\" data-element_type=\"widget\" data-widget_type=\"heading.default\">\n\t\t\t\t\t<h2 class=\"elementor-heading-title elementor-size-default\">CONTACTO<\/h2>\t\t\t\t<\/div>\n\t\t\t\t<div class=\"elementor-element elementor-element-cfe33d6 elementor-widget-divider--view-line elementor-widget elementor-widget-divider\" data-id=\"cfe33d6\" data-element_type=\"widget\" data-widget_type=\"divider.default\">\n\t\t\t\t\t\t\t<div class=\"elementor-divider\">\n\t\t\t<span class=\"elementor-divider-separator\">\n\t\t\t\t\t\t<\/span>\n\t\t<\/div>\n\t\t\t\t\t\t<\/div>\n\t\t\t\t\t<\/div>\n\t\t\t\t<\/div>\n\t\t<div class=\"elementor-element elementor-element-5f5f12d e-flex e-con-boxed e-con e-parent\" data-id=\"5f5f12d\" data-element_type=\"container\">\n\t\t\t\t\t<div class=\"e-con-inner\">\n\t\t\t\t<div class=\"elementor-element elementor-element-7634b9a elementor-widget elementor-widget-heading\" data-id=\"7634b9a\" data-element_type=\"widget\" data-widget_type=\"heading.default\">\n\t\t\t\t\t<h2 class=\"elementor-heading-title elementor-size-default\">Horario de trabajo<\/h2>\t\t\t\t<\/div>\n\t\t\t\t<div class=\"elementor-element elementor-element-465c549 elementor-widget-divider--view-line elementor-widget elementor-widget-divider\" data-id=\"465c549\" data-element_type=\"widget\" data-widget_type=\"divider.default\">\n\t\t\t\t\t\t\t<div class=\"elementor-divider\">\n\t\t\t<span class=\"elementor-divider-separator\">\n\t\t\t\t\t\t<\/span>\n\t\t<\/div>\n\t\t\t\t\t\t<\/div>\n\t\t\t\t\t<\/div>\n\t\t\t\t<\/div>\n\t\t<div class=\"elementor-element elementor-element-0539d7a e-flex e-con-boxed e-con e-parent\" data-id=\"0539d7a\" data-element_type=\"container\">\n\t\t\t\t\t<div class=\"e-con-inner\">\n\t\t<div class=\"elementor-element elementor-element-dacbe34 e-con-full e-flex e-con e-child\" data-id=\"dacbe34\" data-element_type=\"container\">\n\t\t\t\t<div class=\"elementor-element elementor-element-d4c15ac elementor-widget elementor-widget-text-editor\" data-id=\"d4c15ac\" data-element_type=\"widget\" data-widget_type=\"text-editor.default\">\n\t\t\t\t\t\t\t\t\t<p>Lunes a Viernes<\/p><p>S\u00e1bado y Domingo<\/p>\t\t\t\t\t\t\t\t<\/div>\n\t\t\t\t<\/div>\n\t\t<div class=\"elementor-element elementor-element-a08daaf e-con-full e-flex e-con e-child\" data-id=\"a08daaf\" data-element_type=\"container\">\n\t\t\t\t<div class=\"elementor-element elementor-element-7aa7acb elementor-widget elementor-widget-text-editor\" data-id=\"7aa7acb\" data-element_type=\"widget\" data-widget_type=\"text-editor.default\">\n\t\t\t\t\t\t\t\t\t<p>08:30 &#8211; 13:30 y 15:30 &#8211; 19:00<\/p><p>Cerrado<\/p>\t\t\t\t\t\t\t\t<\/div>\n\t\t\t\t<\/div>\n\t\t\t\t\t<\/div>\n\t\t\t\t<\/div>\n\t\t<div class=\"elementor-element elementor-element-afba2e3 e-flex e-con-boxed e-con e-parent\" data-id=\"afba2e3\" data-element_type=\"container\">\n\t\t\t\t\t<div class=\"e-con-inner\">\n\t\t\t\t<div class=\"elementor-element elementor-element-896c3e3 elementor-widget-divider--view-line elementor-widget elementor-widget-divider\" data-id=\"896c3e3\" data-element_type=\"widget\" data-widget_type=\"divider.default\">\n\t\t\t\t\t\t\t<div class=\"elementor-divider\">\n\t\t\t<span class=\"elementor-divider-separator\">\n\t\t\t\t\t\t<\/span>\n\t\t<\/div>\n\t\t\t\t\t\t<\/div>\n\t\t\t\t<div class=\"elementor-element elementor-element-0691011 elementor-align-center elementor-widget elementor-widget-button\" data-id=\"0691011\" data-element_type=\"widget\" data-widget_type=\"button.default\">\n\t\t\t\t\t\t\t\t\t\t<a class=\"elementor-button elementor-button-link elementor-size-sm\" href=\"#\">\n\t\t\t\t\t\t<span class=\"elementor-button-content-wrapper\">\n\t\t\t\t\t\t\t\t\t<span class=\"elementor-button-text\">Cont\u00e1ctanos llamando a 966 67 80 32<\/span>\n\t\t\t\t\t<\/span>\n\t\t\t\t\t<\/a>\n\t\t\t\t\t\t\t\t<\/div>\n\t\t\t\t<div class=\"elementor-element elementor-element-d65375e elementor-widget-divider--view-line elementor-widget elementor-widget-divider\" data-id=\"d65375e\" data-element_type=\"widget\" data-widget_type=\"divider.default\">\n\t\t\t\t\t\t\t<div class=\"elementor-divider\">\n\t\t\t<span class=\"elementor-divider-separator\">\n\t\t\t\t\t\t<\/span>\n\t\t<\/div>\n\t\t\t\t\t\t<\/div>\n\t\t\t\t<div class=\"elementor-element elementor-element-eac1b0a elementor-widget elementor-widget-heading\" data-id=\"eac1b0a\" data-element_type=\"widget\" data-widget_type=\"heading.default\">\n\t\t\t\t\t<h2 class=\"elementor-heading-title elementor-size-default\"><a href=\"https:\/\/maps.app.goo.gl\/S67eE6Zztbxvcigt7\">Cons\u00edguenos en Pol. Ind. Les Galgues, Cam\u00ed ell del Poliesportiu, 4, 03750 Pedreguer, Alicante, Espa\u00f1a<\/a><\/h2>\t\t\t\t<\/div>\n\t\t\t\t\t<\/div>\n\t\t\t\t<\/div>\n\t\t<div class=\"elementor-element elementor-element-21dc608 e-flex e-con-boxed e-con e-parent\" data-id=\"21dc608\" data-element_type=\"container\">\n\t\t\t\t\t<div class=\"e-con-inner\">\n\t\t<div class=\"elementor-element elementor-element-d08f51b e-con-full e-flex e-con e-child\" data-id=\"d08f51b\" data-element_type=\"container\">\n\t\t\t\t<div class=\"elementor-element elementor-element-e87161e elementor-widget elementor-widget-image\" data-id=\"e87161e\" data-element_type=\"widget\" data-widget_type=\"image.default\">\n\t\t\t\t\t\t\t\t\t\t\t\t\t\t\t<img fetchpriority=\"high\" decoding=\"async\" width=\"402\" height=\"307\" src=\"https:\/\/funny-moser.217-160-204-99.plesk.page\/wp-content\/uploads\/2025\/07\/logo_crisam.png\" class=\"attachment-large size-large wp-image-132\" alt=\"Logo Auto recambios Crisam\" srcset=\"https:\/\/funny-moser.217-160-204-99.plesk.page\/wp-content\/uploads\/2025\/07\/logo_crisam.png 402w, https:\/\/funny-moser.217-160-204-99.plesk.page\/wp-content\/uploads\/2025\/07\/logo_crisam-300x229.png 300w\" sizes=\"(max-width: 402px) 100vw, 402px\" \/>\t\t\t\t\t\t\t\t\t\t\t\t\t\t\t<\/div>\n\t\t\t\t<\/div>\n\t\t<div class=\"elementor-element elementor-element-4beabb7 e-con-full e-flex e-con e-child\" data-id=\"4beabb7\" data-element_type=\"container\">\n\t\t\t\t<div class=\"elementor-element elementor-element-2977057 elementor-widget elementor-widget-google_maps\" data-id=\"2977057\" data-element_type=\"widget\" data-widget_type=\"google_maps.default\">\n\t\t\t\t\t\t\t<div class=\"elementor-custom-embed\">\n\t\t\t<iframe loading=\"lazy\"\n\t\t\t\t\tsrc=\"https:\/\/maps.google.com\/maps?q=Taller%20mecanico%20pedreguer%20auto%20recambios%20crisam&#038;t=m&#038;z=15&#038;output=embed&#038;iwloc=near\"\n\t\t\t\t\ttitle=\"Taller mecanico pedreguer auto recambios crisam\"\n\t\t\t\t\taria-label=\"Taller mecanico pedreguer auto recambios crisam\"\n\t\t\t><\/iframe>\n\t\t<\/div>\n\t\t\t\t\t\t<\/div>\n\t\t\t\t<\/div>\n\t\t\t\t\t<\/div>\n\t\t\t\t<\/div>\n\t\t\t\t<\/div>\n\t\t","protected":false},"excerpt":{"rendered":"<p>CONTACTO Horario de trabajo Lunes a Viernes S\u00e1bado y Domingo 08:30 &#8211; 13:30 y 15:30 &#8211; 19:00 Cerrado Cont\u00e1ctanos llamando a 966 67 80 32 Cons\u00edguenos en Pol. Ind. Les Galgues, Cam\u00ed ell del Poliesportiu, 4, 03750 Pedreguer, Alicante, Espa\u00f1a<\/p>\n","protected":false},"author":1,"featured_media":0,"parent":0,"menu_order":0,"comment_status":"closed","ping_status":"closed","template":"","meta":{"footnotes":""},"class_list":["post-129","page","type-page","status-publish","hentry"],"_links":{"self":[{"href":"https:\/\/funny-moser.217-160-204-99.plesk.page\/index.php\/wp-json\/wp\/v2\/pages\/129","targetHints":{"allow":["GET"]}}],"collection":[{"href":"https:\/\/funny-moser.217-160-204-99.plesk.page\/index.php\/wp-json\/wp\/v2\/pages"}],"about":[{"href":"https:\/\/funny-moser.217-160-204-99.plesk.page\/index.php\/wp-json\/wp\/v2\/types\/page"}],"author":[{"embeddable":true,"href":"https:\/\/funny-moser.217-160-204-99.plesk.page\/index.php\/wp-json\/wp\/v2\/users\/1"}],"replies":[{"embeddable":true,"href":"https:\/\/funny-moser.217-160-204-99.plesk.page\/index.php\/wp-json\/wp\/v2\/comments?post=129"}],"version-history":[{"count":16,"href":"https:\/\/funny-moser.217-160-204-99.plesk.page\/index.php\/wp-json\/wp\/v2\/pages\/129\/revisions"}],"predecessor-version":[{"id":286,"href":"https:\/\/funny-moser.217-160-204-99.plesk.page\/index.php\/wp-json\/wp\/v2\/pages\/129\/revisions\/286"}],"wp:attachment":[{"href":"https:\/\/funny-moser.217-160-204-99.plesk.page\/index.php\/wp-json\/wp\/v2\/media?parent=129"}],"curies":[{"name":"wp","href":"https:\/\/api.w.org\/{rel}","templated":true}]}}