{"id":74,"date":"2025-07-16T08:25:07","date_gmt":"2025-07-16T08:25:07","guid":{"rendered":"https:\/\/funny-moser.217-160-204-99.plesk.page\/?page_id=74"},"modified":"2025-07-22T09:08:42","modified_gmt":"2025-07-22T09:08:42","slug":"taller-de-reparacion","status":"publish","type":"page","link":"https:\/\/funny-moser.217-160-204-99.plesk.page\/index.php\/taller-de-reparacion\/","title":{"rendered":"Taller de reparaci\u00f3n"},"content":{"rendered":"\t\t<div data-elementor-type=\"wp-page\" data-elementor-id=\"74\" class=\"elementor elementor-74\" data-elementor-post-type=\"page\">\n\t\t\t\t<div class=\"elementor-element elementor-element-8f01e37 e-flex e-con-boxed e-con e-parent\" data-id=\"8f01e37\" data-element_type=\"container\" data-settings=\"{&quot;background_background&quot;:&quot;classic&quot;}\">\n\t\t\t\t\t<div class=\"e-con-inner\">\n\t\t\t\t<div class=\"elementor-element elementor-element-0ca7d42 elementor-widget elementor-widget-heading\" data-id=\"0ca7d42\" data-element_type=\"widget\" data-widget_type=\"heading.default\">\n\t\t\t\t\t<h2 class=\"elementor-heading-title elementor-size-default\">TALLER DE REPARACI\u00d3N<\/h2>\t\t\t\t<\/div>\n\t\t\t\t<div class=\"elementor-element elementor-element-7d984a3 elementor-widget-divider--view-line elementor-widget elementor-widget-divider\" data-id=\"7d984a3\" data-element_type=\"widget\" data-widget_type=\"divider.default\">\n\t\t\t\t\t\t\t<div class=\"elementor-divider\">\n\t\t\t<span class=\"elementor-divider-separator\">\n\t\t\t\t\t\t<\/span>\n\t\t<\/div>\n\t\t\t\t\t\t<\/div>\n\t\t\t\t\t<\/div>\n\t\t\t\t<\/div>\n\t\t<div class=\"elementor-element elementor-element-18a2bd5 e-flex e-con-boxed e-con e-parent\" data-id=\"18a2bd5\" data-element_type=\"container\">\n\t\t\t\t\t<div class=\"e-con-inner\">\n\t\t\t\t<div class=\"elementor-element elementor-element-f25fd55 elementor-widget elementor-widget-text-editor\" data-id=\"f25fd55\" data-element_type=\"widget\" data-widget_type=\"text-editor.default\">\n\t\t\t\t\t\t\t\t\t<p>En nuestro taller practicamos mec\u00e1nica r\u00e1pida. Nuestros clientes se benefician de nuestro horario de trabajo acordado para una entrega r\u00e1pida. Estamos ubicados en Pedreguer en las cercania de Denia.<\/p>\t\t\t\t\t\t\t\t<\/div>\n\t\t\t\t<div class=\"elementor-element elementor-element-299405c elementor-widget elementor-widget-heading\" data-id=\"299405c\" data-element_type=\"widget\" data-widget_type=\"heading.default\">\n\t\t\t\t\t<h2 class=\"elementor-heading-title elementor-size-default\">MEC\u00c1NICA GENERAL<\/h2>\t\t\t\t<\/div>\n\t\t\t\t<div class=\"elementor-element elementor-element-b1bc997 elementor-widget elementor-widget-text-editor\" data-id=\"b1bc997\" data-element_type=\"widget\" data-widget_type=\"text-editor.default\">\n\t\t\t\t\t\t\t\t\t<p>La mec\u00e1nica automotriz es una de las ramas b\u00e1sicas de la mec\u00e1nica en cualquier veh\u00edculo de tracci\u00f3n mec\u00e1nica. Tambi\u00e9n se encarga del estudio y an\u00e1lisis de algunas partes del veh\u00edculo cuyo fin principal es la transmisi\u00f3n y generaci\u00f3n de movimiento. Qu\u00e9date y descubre cuales son algunos de los servicios que ofrecemos de Mec\u00e1nica General.<\/p>\t\t\t\t\t\t\t\t<\/div>\n\t\t\t\t<div class=\"elementor-element elementor-element-47bc75b elementor-align-center elementor-widget elementor-widget-button\" data-id=\"47bc75b\" data-element_type=\"widget\" data-widget_type=\"button.default\">\n\t\t\t\t\t\t\t\t\t\t<a class=\"elementor-button elementor-button-link elementor-size-sm\" href=\"#\">\n\t\t\t\t\t\t<span class=\"elementor-button-content-wrapper\">\n\t\t\t\t\t\t\t\t\t<span class=\"elementor-button-text\">\u00a1Agenda tu cita aqui!<\/span>\n\t\t\t\t\t<\/span>\n\t\t\t\t\t<\/a>\n\t\t\t\t\t\t\t\t<\/div>\n\t\t\t\t\t<\/div>\n\t\t\t\t<\/div>\n\t\t<div class=\"elementor-element elementor-element-01c8e18 e-flex e-con-boxed e-con e-parent\" data-id=\"01c8e18\" data-element_type=\"container\">\n\t\t\t\t\t<div class=\"e-con-inner\">\n\t\t\t\t<div class=\"elementor-element elementor-element-4684121 elementor-widget elementor-widget-heading\" data-id=\"4684121\" data-element_type=\"widget\" data-widget_type=\"heading.default\">\n\t\t\t\t\t<h2 class=\"elementor-heading-title elementor-size-default\">Cadena de distribuci\u00f3n<\/h2>\t\t\t\t<\/div>\n\t\t\t\t<div class=\"elementor-element elementor-element-08c4f47 elementor-widget elementor-widget-text-editor\" data-id=\"08c4f47\" data-element_type=\"widget\" data-widget_type=\"text-editor.default\">\n\t\t\t\t\t\t\t\t\t<p class=\"zfr3Q CDt4Ke \" dir=\"ltr\"><span class=\"C9DxTc \">La cadena de distribuci\u00f3n es responsable de sincronizar el movimiento entre el\u00a0<\/span><strong><span class=\"C9DxTc \">cig\u00fce\u00f1al y el \u00e1rbol de levas<\/span><\/strong><span class=\"C9DxTc \">\u00a0para cerrar y abrir las v\u00e1lvulas para impulsar el motor de combusti\u00f3n interna.<\/span><\/p><p class=\"zfr3Q CDt4Ke \" dir=\"ltr\"><span class=\"C9DxTc \">Ofrecemos el cambio y reparaci\u00f3n de la\u00a0<\/span><strong><span class=\"C9DxTc \">cadena de distribuci\u00f3n de su veh\u00edculo<\/span><\/strong><span class=\"C9DxTc \">. Con un equipo de mec\u00e1nicos altamente capacitados y el uso de la \u00faltima tecnolog\u00eda, podemos garantizar la m\u00e1s alta calidad y eficiencia en el reemplazo o reparaci\u00f3n de su cadena de distribuci\u00f3n. Prometemos brindarle un servicio excepcional y atenci\u00f3n personalizada para que su veh\u00edculo funcione de manera \u00f3ptima y segura.\u00a0<\/span><span class=\"C9DxTc \">\u00a1\u00a1\u00a1<\/span><span class=\"C9DxTc \">Auto Recambios Crisam es tu mejor opci\u00f3n!!!<\/span><\/p>\t\t\t\t\t\t\t\t<\/div>\n\t\t\t\t\t<\/div>\n\t\t\t\t<\/div>\n\t\t<div class=\"elementor-element elementor-element-2ba115d e-flex e-con-boxed e-con e-parent\" data-id=\"2ba115d\" data-element_type=\"container\">\n\t\t\t\t\t<div class=\"e-con-inner\">\n\t\t\t\t<div class=\"elementor-element elementor-element-e9beb98 elementor-widget elementor-widget-heading\" data-id=\"e9beb98\" data-element_type=\"widget\" data-widget_type=\"heading.default\">\n\t\t\t\t\t<h2 class=\"elementor-heading-title elementor-size-default\">Correa de distribuci\u00f3n<\/h2>\t\t\t\t<\/div>\n\t\t\t\t<div class=\"elementor-element elementor-element-21359c7 elementor-widget elementor-widget-text-editor\" data-id=\"21359c7\" data-element_type=\"widget\" data-widget_type=\"text-editor.default\">\n\t\t\t\t\t\t\t\t\t<p class=\"zfr3Q CDt4Ke \" dir=\"ltr\"><span class=\"C9DxTc \">La correa de distribuci\u00f3n es la encargada de transmitir el movimiento del cig\u00fce\u00f1al al \u00e1rbol de levas, el cual abre y cierra las <strong>v<\/strong><\/span><span class=\"C9DxTc \"><strong>\u00e1lvulas de admisi\u00f3n y escape de los pistones<\/strong>.<\/span><\/p><p class=\"zfr3Q CDt4Ke \" dir=\"ltr\"><span class=\"C9DxTc \">Auto Recambios Crisam ofrece el cambio y reparaci\u00f3n de\u00a0<\/span><strong><span class=\"C9DxTc \">correas de distribuci\u00f3n para su veh\u00edculo<\/span><\/strong><span class=\"C9DxTc \"><strong>.<\/strong> Prometemos brindarle un servicio excepcional y atenci\u00f3n personalizada para que su veh\u00edculo funcione de manera \u00f3ptima y segura. Si necesita un servicio de reparaci\u00f3n o reemplazo de correa de distribuci\u00f3n, no dude en visitarnos.<\/span><\/p>\t\t\t\t\t\t\t\t<\/div>\n\t\t\t\t<div class=\"elementor-element elementor-element-02258d2 elementor-widget elementor-widget-image\" data-id=\"02258d2\" data-element_type=\"widget\" data-widget_type=\"image.default\">\n\t\t\t\t\t\t\t\t\t\t\t\t\t\t\t<img fetchpriority=\"high\" decoding=\"async\" width=\"800\" height=\"450\" src=\"https:\/\/funny-moser.217-160-204-99.plesk.page\/wp-content\/uploads\/2025\/07\/0km-1024x576.jpg\" class=\"attachment-large size-large wp-image-87\" alt=\"Motor coche\" srcset=\"https:\/\/funny-moser.217-160-204-99.plesk.page\/wp-content\/uploads\/2025\/07\/0km-1024x576.jpg 1024w, https:\/\/funny-moser.217-160-204-99.plesk.page\/wp-content\/uploads\/2025\/07\/0km-300x169.jpg 300w, https:\/\/funny-moser.217-160-204-99.plesk.page\/wp-content\/uploads\/2025\/07\/0km-768x432.jpg 768w, https:\/\/funny-moser.217-160-204-99.plesk.page\/wp-content\/uploads\/2025\/07\/0km.jpg 1200w\" sizes=\"(max-width: 800px) 100vw, 800px\" \/>\t\t\t\t\t\t\t\t\t\t\t\t\t\t\t<\/div>\n\t\t\t\t\t<\/div>\n\t\t\t\t<\/div>\n\t\t<div class=\"elementor-element elementor-element-4b1a268 e-flex e-con-boxed e-con e-parent\" data-id=\"4b1a268\" data-element_type=\"container\">\n\t\t\t\t\t<div class=\"e-con-inner\">\n\t\t\t\t<div class=\"elementor-element elementor-element-8322781 elementor-widget elementor-widget-heading\" data-id=\"8322781\" data-element_type=\"widget\" data-widget_type=\"heading.default\">\n\t\t\t\t\t<h2 class=\"elementor-heading-title elementor-size-default\">Sistema de embrague<\/h2>\t\t\t\t<\/div>\n\t\t\t\t<div class=\"elementor-element elementor-element-24b720f elementor-widget elementor-widget-text-editor\" data-id=\"24b720f\" data-element_type=\"widget\" data-widget_type=\"text-editor.default\">\n\t\t\t\t\t\t\t\t\t<p class=\"zfr3Q CDt4Ke \" dir=\"ltr\"><span class=\"C9DxTc \">El sistema de embrague es el encargado de trasladar y\/o desconectar la\u00a0<\/span><strong><span class=\"C9DxTc \">potencia del motor a la transmisi\u00f3n<\/span><\/strong><span class=\"C9DxTc \">\u00a0y por tanto a las ruedas de nuestro veh\u00edculo. El embrague nos permite controlar la entrega de par del motor.<\/span><\/p><p class=\"zfr3Q CDt4Ke \" dir=\"ltr\"><span class=\"C9DxTc \">En Auto Recambios Crisam ofrecemos servicios de reparaci\u00f3n y reemplazo del<strong>\u00a0<\/strong><\/span><strong><span class=\"C9DxTc \">sistema de embrague de su veh\u00edculo<\/span><\/strong><span class=\"C9DxTc \"><strong>.<\/strong> Ya sea que necesite una reparaci\u00f3n menor o un reemplazo completo del sistema de embrague, nuestro compromiso es ofrecerle un servicio excepcional y una atenci\u00f3n personalizada para garantizar que su veh\u00edculo\u00a0<\/span><strong><span class=\"C9DxTc \">funcione de manera \u00f3ptima y segura<\/span><\/strong><span class=\"C9DxTc \">. Si necesita un servicio de reparaci\u00f3n o reemplazo del sistema de embrague visitanos, somos Auto Centro Crisam.<\/span><\/p>\t\t\t\t\t\t\t\t<\/div>\n\t\t\t\t\t<\/div>\n\t\t\t\t<\/div>\n\t\t<div class=\"elementor-element elementor-element-78c8b26 e-flex e-con-boxed e-con e-parent\" data-id=\"78c8b26\" data-element_type=\"container\">\n\t\t\t\t\t<div class=\"e-con-inner\">\n\t\t\t\t<div class=\"elementor-element elementor-element-5838cc9 elementor-widget elementor-widget-heading\" data-id=\"5838cc9\" data-element_type=\"widget\" data-widget_type=\"heading.default\">\n\t\t\t\t\t<h2 class=\"elementor-heading-title elementor-size-default\">Cambio de amortiguadores<\/h2>\t\t\t\t<\/div>\n\t\t\t\t<div class=\"elementor-element elementor-element-cb3bfaa elementor-widget elementor-widget-text-editor\" data-id=\"cb3bfaa\" data-element_type=\"widget\" data-widget_type=\"text-editor.default\">\n\t\t\t\t\t\t\t\t\t<p class=\"zfr3Q CDt4Ke \" dir=\"ltr\"><span class=\"C9DxTc \">La funci\u00f3n principal de los\u00a0<\/span><strong><span class=\"C9DxTc \">amortiguadores\u00a0<\/span><\/strong><span class=\"C9DxTc \">es absorber las imperfecciones del terreno en el que nos encontramos y mejorar nuestra seguridad<\/span><\/p><p class=\"zfr3Q CDt4Ke \" dir=\"ltr\"><span class=\"C9DxTc \">En Auto Recambios Crisam contamos con un\u00a0<\/span><strong><span class=\"C9DxTc \">servicio de sustituci\u00f3n de amortiguadores<\/span><\/strong><span class=\"C9DxTc \">\u00a0que es r\u00e1pido y eficaz. Adem\u00e1s,\u00a0<\/span><span class=\"C9DxTc \">nuestro equipo de mec\u00e1nicos altamente capacitados y con amplia experiencia en el reemplazo de amortiguadores. Utilizamos las mejores herramientas y repuestos para mantener su veh\u00edculo en las mejores condiciones y restaurarlo para que tenga una conducci\u00f3n suave y segura.<\/span><\/p>\t\t\t\t\t\t\t\t<\/div>\n\t\t\t\t<div class=\"elementor-element elementor-element-71d39c1 elementor-align-center elementor-widget elementor-widget-button\" data-id=\"71d39c1\" data-element_type=\"widget\" data-widget_type=\"button.default\">\n\t\t\t\t\t\t\t\t\t\t<a class=\"elementor-button elementor-button-link elementor-size-sm\" href=\"#\">\n\t\t\t\t\t\t<span class=\"elementor-button-content-wrapper\">\n\t\t\t\t\t\t\t\t\t<span class=\"elementor-button-text\">Llamanos para mayor informaci\u00f3n<\/span>\n\t\t\t\t\t<\/span>\n\t\t\t\t\t<\/a>\n\t\t\t\t\t\t\t\t<\/div>\n\t\t\t\t\t<\/div>\n\t\t\t\t<\/div>\n\t\t<div class=\"elementor-element elementor-element-d708568 e-flex e-con-boxed e-con e-parent\" data-id=\"d708568\" data-element_type=\"container\">\n\t\t\t\t\t<div class=\"e-con-inner\">\n\t\t\t\t<div class=\"elementor-element elementor-element-0322b11 elementor-widget elementor-widget-heading\" data-id=\"0322b11\" data-element_type=\"widget\" data-widget_type=\"heading.default\">\n\t\t\t\t\t<h2 class=\"elementor-heading-title elementor-size-default\">Cambio de filtro de aire<\/h2>\t\t\t\t<\/div>\n\t\t\t\t<div class=\"elementor-element elementor-element-152b9bc elementor-widget elementor-widget-text-editor\" data-id=\"152b9bc\" data-element_type=\"widget\" data-widget_type=\"text-editor.default\">\n\t\t\t\t\t\t\t\t\t<p class=\"zfr3Q CDt4Ke \" dir=\"ltr\"><span class=\"C9DxTc \">La funci\u00f3n principal del filtro de aire es capturar las posibles impurezas que puedan entrar en el circuito de admisi\u00f3n para evitar<strong>\u00a0<\/strong><\/span><strong><span class=\"C9DxTc \">contaminar la c\u00e1mara de combusti\u00f3n<\/span><\/strong><span class=\"C9DxTc \">.<\/span><\/p><p class=\"zfr3Q CDt4Ke \" dir=\"ltr\"><span class=\"C9DxTc \">Te ofrecemos el reemplazo del\u00a0<\/span><strong><span class=\"C9DxTc \">filtro de aire de tu auto<\/span><\/strong><span class=\"C9DxTc \">. Cambiar el filtro de aire no solo puede mejorar el rendimiento del motor, sino tambi\u00e9n reducir la emisi\u00f3n de gases contaminantes al medio ambiente. Adem\u00e1s, un filtro de aire limpio puede extender la vida \u00fatil del motor y evitar reparaciones costosas.\u00a0<\/span><span class=\"C9DxTc \">\u00a1\u00a1\u00a1Auto\u00a0<\/span><span class=\"C9DxTc \">Centro\u00a0<\/span><span class=\"C9DxTc \">Crisam es tu mejor opci\u00f3n!!!<\/span><\/p>\t\t\t\t\t\t\t\t<\/div>\n\t\t\t\t\t<\/div>\n\t\t\t\t<\/div>\n\t\t<div class=\"elementor-element elementor-element-4a88d4d e-flex e-con-boxed e-con e-parent\" data-id=\"4a88d4d\" data-element_type=\"container\">\n\t\t\t\t\t<div class=\"e-con-inner\">\n\t\t\t\t<div class=\"elementor-element elementor-element-9ef391c elementor-widget elementor-widget-heading\" data-id=\"9ef391c\" data-element_type=\"widget\" data-widget_type=\"heading.default\">\n\t\t\t\t\t<h2 class=\"elementor-heading-title elementor-size-default\">Filtro de combustible<\/h2>\t\t\t\t<\/div>\n\t\t\t\t<div class=\"elementor-element elementor-element-c0197f8 elementor-widget elementor-widget-text-editor\" data-id=\"c0197f8\" data-element_type=\"widget\" data-widget_type=\"text-editor.default\">\n\t\t\t\t\t\t\t\t\t<p class=\"zfr3Q CDt4Ke \" dir=\"ltr\"><span class=\"C9DxTc \">Los filtros de combustible son una parte importante del<strong>\u00a0<\/strong><\/span><strong><span class=\"C9DxTc \">sistema de combustible de un veh\u00edculo<\/span><\/strong><span class=\"C9DxTc \">. Su funci\u00f3n es eliminar las impurezas y part\u00edculas que pueda haber en el combustible antes de que llegue al motor. Un filtro de combustible obstruido reduce el flujo de combustible y afecta el rendimiento del motor.<\/span><\/p><p class=\"zfr3Q CDt4Ke \" dir=\"ltr\"><span class=\"C9DxTc \">Por ello, Auto Centro Crisam pone a tu disposici\u00f3n un servicio de cambio de\u00a0<\/span><strong><span class=\"C9DxTc \">filtro de combustible para tu coche<\/span><\/strong><span class=\"C9DxTc \">. Adem\u00e1s, utilizamos los mejores filtros de combustible del mercado para garantizar un rendimiento \u00f3ptimo del motor.<\/span><\/p>\t\t\t\t\t\t\t\t<\/div>\n\t\t\t\t\t<\/div>\n\t\t\t\t<\/div>\n\t\t<div class=\"elementor-element elementor-element-7806502 e-flex e-con-boxed e-con e-parent\" data-id=\"7806502\" data-element_type=\"container\">\n\t\t\t\t\t<div class=\"e-con-inner\">\n\t\t\t\t<div class=\"elementor-element elementor-element-d197500 elementor-widget elementor-widget-image\" data-id=\"d197500\" data-element_type=\"widget\" data-widget_type=\"image.default\">\n\t\t\t\t\t\t\t\t\t\t\t\t\t\t\t<img decoding=\"async\" width=\"800\" height=\"450\" src=\"https:\/\/funny-moser.217-160-204-99.plesk.page\/wp-content\/uploads\/2025\/07\/Alineacion-y-Balanceo-Reserva-tu-Cita-1024x576.jpg\" class=\"attachment-large size-large wp-image-88\" alt=\"Comprobando alineaci\u00f3n y balanceo de ruedas\" srcset=\"https:\/\/funny-moser.217-160-204-99.plesk.page\/wp-content\/uploads\/2025\/07\/Alineacion-y-Balanceo-Reserva-tu-Cita-1024x576.jpg 1024w, https:\/\/funny-moser.217-160-204-99.plesk.page\/wp-content\/uploads\/2025\/07\/Alineacion-y-Balanceo-Reserva-tu-Cita-300x169.jpg 300w, https:\/\/funny-moser.217-160-204-99.plesk.page\/wp-content\/uploads\/2025\/07\/Alineacion-y-Balanceo-Reserva-tu-Cita-768x432.jpg 768w, https:\/\/funny-moser.217-160-204-99.plesk.page\/wp-content\/uploads\/2025\/07\/Alineacion-y-Balanceo-Reserva-tu-Cita.jpg 1200w\" sizes=\"(max-width: 800px) 100vw, 800px\" \/>\t\t\t\t\t\t\t\t\t\t\t\t\t\t\t<\/div>\n\t\t\t\t<div class=\"elementor-element elementor-element-8e8e540 elementor-widget elementor-widget-heading\" data-id=\"8e8e540\" data-element_type=\"widget\" data-widget_type=\"heading.default\">\n\t\t\t\t\t<h2 class=\"elementor-heading-title elementor-size-default\">Alinear direcci\u00f3n<\/h2>\t\t\t\t<\/div>\n\t\t\t\t<div class=\"elementor-element elementor-element-93f42dd elementor-widget elementor-widget-text-editor\" data-id=\"93f42dd\" data-element_type=\"widget\" data-widget_type=\"text-editor.default\">\n\t\t\t\t\t\t\t\t\t<p class=\"zfr3Q CDt4Ke \" dir=\"ltr\"><span class=\"C9DxTc \">Es\u00a0<\/span><strong><span class=\"C9DxTc \">importante ajustar el volante<\/span><\/strong><span class=\"C9DxTc \">\u00a0si ocurre alguna de las siguientes situaciones:<\/span><\/p><ul class=\"n8H08c UVNKR \"><li class=\"zfr3Q TYR86d eD0Rn \" dir=\"ltr\"><p class=\"zfr3Q CDt4Ke \" dir=\"ltr\" role=\"presentation\"><span class=\"C9DxTc \">Desgaste irregular de los neum\u00e1ticos<\/span><\/p><\/li><li class=\"zfr3Q TYR86d eD0Rn \" dir=\"ltr\"><p class=\"zfr3Q CDt4Ke \" dir=\"ltr\" role=\"presentation\"><span class=\"C9DxTc \">El volante tiembla mientras conduce<\/span><\/p><\/li><li class=\"zfr3Q TYR86d eD0Rn \" dir=\"ltr\"><p class=\"zfr3Q CDt4Ke \" dir=\"ltr\" role=\"presentation\"><span class=\"C9DxTc \">El coche tira hacia un lado mientras conduce<\/span><\/p><\/li><li class=\"zfr3Q TYR86d eD0Rn \" dir=\"ltr\"><p class=\"zfr3Q CDt4Ke \" dir=\"ltr\" role=\"presentation\"><span class=\"C9DxTc \">El volante no est\u00e1 centrado cuando se conduce en l\u00ednea recta<\/span><\/p><\/li><\/ul><p class=\"zfr3Q CDt4Ke \" dir=\"ltr\"><span class=\"C9DxTc \">Auto Centro Crisam ofrece servicios de\u00a0<\/span><strong><span class=\"C9DxTc \">alineaci\u00f3n de direcci\u00f3n<\/span><\/strong><span class=\"C9DxTc \"><strong>\u00a0<\/strong>para su veh\u00edculo. Contamos con tecnolog\u00eda de punta y equipos de \u00faltima generaci\u00f3n para garantizar que los ajustes se realicen con precisi\u00f3n y eficiencia. La alineaci\u00f3n adecuada de la direcci\u00f3n ayuda a prolongar la vida \u00fatil de los neum\u00e1ticos, mejorar la estabilidad del veh\u00edculo y reducir el desgaste de los componentes del sistema de direcci\u00f3n.<\/span><\/p>\t\t\t\t\t\t\t\t<\/div>\n\t\t\t\t\t<\/div>\n\t\t\t\t<\/div>\n\t\t<div class=\"elementor-element elementor-element-99ca8b5 e-flex e-con-boxed e-con e-parent\" data-id=\"99ca8b5\" data-element_type=\"container\">\n\t\t\t\t\t<div class=\"e-con-inner\">\n\t\t\t\t<div class=\"elementor-element elementor-element-dd99115 elementor-widget elementor-widget-heading\" data-id=\"dd99115\" data-element_type=\"widget\" data-widget_type=\"heading.default\">\n\t\t\t\t\t<h2 class=\"elementor-heading-title elementor-size-default\">Balanceo de ruedas<\/h2>\t\t\t\t<\/div>\n\t\t\t\t<div class=\"elementor-element elementor-element-a2c9193 elementor-widget elementor-widget-text-editor\" data-id=\"a2c9193\" data-element_type=\"widget\" data-widget_type=\"text-editor.default\">\n\t\t\t\t\t\t\t\t\t<p class=\"zfr3Q CDt4Ke \" dir=\"ltr\"><span class=\"C9DxTc \">El\u00a0<\/span><strong><span class=\"C9DxTc \">balanceo de las ruedas<\/span><\/strong><span class=\"C9DxTc \">\u00a0es un proceso importante para mantener su veh\u00edculo en buenas condiciones y garantizar una conducci\u00f3n segura. El equilibrio implica equilibrar el peso de cada rueda y neum\u00e1tico para que giren sin vibraciones no deseadas.\u00a0<\/span><\/p><p class=\"zfr3Q CDt4Ke \" dir=\"ltr\"><span class=\"C9DxTc \">En Auto Recambios Crisam, ofrecemos un servicio de\u00a0<\/span><strong><span class=\"C9DxTc \">balanceo de ruedas para su veh\u00edculo<\/span><\/strong><span class=\"C9DxTc \">. Estamos comprometidos con un servicio de alta calidad. Cont\u00e1ctenos para programar una cita para que nuestros mec\u00e1nicos equilibren las ruedas de su veh\u00edculo para un viaje seguro y c\u00f3modo.<\/span><\/p>\t\t\t\t\t\t\t\t<\/div>\n\t\t\t\t\t<\/div>\n\t\t\t\t<\/div>\n\t\t\t\t<\/div>\n\t\t","protected":false},"excerpt":{"rendered":"<p>TALLER DE REPARACI\u00d3N En nuestro taller practicamos mec\u00e1nica r\u00e1pida. Nuestros clientes se benefician de nuestro horario de trabajo acordado para una entrega r\u00e1pida. Estamos ubicados en Pedreguer en las cercania de Denia. MEC\u00c1NICA GENERAL La mec\u00e1nica automotriz es una de las ramas b\u00e1sicas de la mec\u00e1nica en cualquier veh\u00edculo de tracci\u00f3n mec\u00e1nica. Tambi\u00e9n se encarga [&hellip;]<\/p>\n","protected":false},"author":1,"featured_media":0,"parent":0,"menu_order":0,"comment_status":"closed","ping_status":"closed","template":"","meta":{"footnotes":""},"class_list":["post-74","page","type-page","status-publish","hentry"],"_links":{"self":[{"href":"https:\/\/funny-moser.217-160-204-99.plesk.page\/index.php\/wp-json\/wp\/v2\/pages\/74","targetHints":{"allow":["GET"]}}],"collection":[{"href":"https:\/\/funny-moser.217-160-204-99.plesk.page\/index.php\/wp-json\/wp\/v2\/pages"}],"about":[{"href":"https:\/\/funny-moser.217-160-204-99.plesk.page\/index.php\/wp-json\/wp\/v2\/types\/page"}],"author":[{"embeddable":true,"href":"https:\/\/funny-moser.217-160-204-99.plesk.page\/index.php\/wp-json\/wp\/v2\/users\/1"}],"replies":[{"embeddable":true,"href":"https:\/\/funny-moser.217-160-204-99.plesk.page\/index.php\/wp-json\/wp\/v2\/comments?post=74"}],"version-history":[{"count":19,"href":"https:\/\/funny-moser.217-160-204-99.plesk.page\/index.php\/wp-json\/wp\/v2\/pages\/74\/revisions"}],"predecessor-version":[{"id":262,"href":"https:\/\/funny-moser.217-160-204-99.plesk.page\/index.php\/wp-json\/wp\/v2\/pages\/74\/revisions\/262"}],"wp:attachment":[{"href":"https:\/\/funny-moser.217-160-204-99.plesk.page\/index.php\/wp-json\/wp\/v2\/media?parent=74"}],"curies":[{"name":"wp","href":"https:\/\/api.w.org\/{rel}","templated":true}]}}