{"id":92,"date":"2025-07-16T09:42:42","date_gmt":"2025-07-16T09:42:42","guid":{"rendered":"https:\/\/funny-moser.217-160-204-99.plesk.page\/?page_id=92"},"modified":"2025-07-22T09:09:22","modified_gmt":"2025-07-22T09:09:22","slug":"taller-de-chapa-y-pintura","status":"publish","type":"page","link":"https:\/\/funny-moser.217-160-204-99.plesk.page\/index.php\/taller-de-chapa-y-pintura\/","title":{"rendered":"Taller de chapa y pintura"},"content":{"rendered":"\t\t<div data-elementor-type=\"wp-page\" data-elementor-id=\"92\" class=\"elementor elementor-92\" data-elementor-post-type=\"page\">\n\t\t\t\t<div class=\"elementor-element elementor-element-3e2ae95 e-flex e-con-boxed e-con e-parent\" data-id=\"3e2ae95\" data-element_type=\"container\" data-settings=\"{&quot;background_background&quot;:&quot;classic&quot;}\">\n\t\t\t\t\t<div class=\"e-con-inner\">\n\t\t\t\t<div class=\"elementor-element elementor-element-09e9be0 elementor-widget elementor-widget-heading\" data-id=\"09e9be0\" data-element_type=\"widget\" data-widget_type=\"heading.default\">\n\t\t\t\t\t<h2 class=\"elementor-heading-title elementor-size-default\">TALLER DE CHAPA Y PINTURA<\/h2>\t\t\t\t<\/div>\n\t\t\t\t<div class=\"elementor-element elementor-element-7e49b37 elementor-widget-divider--view-line elementor-widget elementor-widget-divider\" data-id=\"7e49b37\" data-element_type=\"widget\" data-widget_type=\"divider.default\">\n\t\t\t\t\t\t\t<div class=\"elementor-divider\">\n\t\t\t<span class=\"elementor-divider-separator\">\n\t\t\t\t\t\t<\/span>\n\t\t<\/div>\n\t\t\t\t\t\t<\/div>\n\t\t\t\t\t<\/div>\n\t\t\t\t<\/div>\n\t\t<div class=\"elementor-element elementor-element-78535ce e-flex e-con-boxed e-con e-parent\" data-id=\"78535ce\" data-element_type=\"container\">\n\t\t\t\t\t<div class=\"e-con-inner\">\n\t\t\t\t<div class=\"elementor-element elementor-element-69f4dce elementor-widget elementor-widget-text-editor\" data-id=\"69f4dce\" data-element_type=\"widget\" data-widget_type=\"text-editor.default\">\n\t\t\t\t\t\t\t\t\t<p class=\"zfr3Q CDt4Ke \" dir=\"ltr\"><span class=\"C9DxTc \">En Auto Centro Crisam ubicados\u00a0en Pedreguer, suministramos<strong>\u00a0<\/strong><\/span><span style=\"text-decoration: underline;\"><strong><span class=\"C9DxTc aw5Odc \">servicios de<\/span><span class=\"C9DxTc aw5Odc \">\u00a0<\/span><span class=\"C9DxTc aw5Odc \">chapa y pintura<\/span><\/strong><\/span><span class=\"C9DxTc \">\u00a0<\/span><span class=\"C9DxTc \">de alta calidad para su veh\u00edculo<\/span><span class=\"C9DxTc \">. Nuestro equipo de t\u00e9cnicos de hojalater\u00eda y pintura altamente capacitados y experimentados utiliza tecnolog\u00eda avanzada y materiales de calidad para garantizar que su autom\u00f3vil reciba el mejor cuidado y atenci\u00f3n posibles<strong>.\u00a0<\/strong><\/span><strong><span class=\"C9DxTc \">Ofrecemos una amplia gama de servicios<\/span><\/strong><span class=\"C9DxTc \"><strong>\u00a0<\/strong>de chapa y pintura que incluyen:<\/span><\/p><ul class=\"n8H08c UVNKR \"><li class=\"zfr3Q TYR86d eD0Rn \" dir=\"ltr\"><p class=\"zfr3Q CDt4Ke \" dir=\"ltr\" role=\"presentation\"><span class=\"C9DxTc \">Reparaci\u00f3n de abolladuras.<\/span><\/p><\/li><li class=\"zfr3Q TYR86d eD0Rn \" dir=\"ltr\"><p class=\"zfr3Q CDt4Ke \" dir=\"ltr\" role=\"presentation\"><span class=\"C9DxTc \">Reparaci\u00f3n de rayones.<\/span><\/p><\/li><li class=\"zfr3Q TYR86d eD0Rn \" dir=\"ltr\"><p class=\"zfr3Q CDt4Ke \" dir=\"ltr\" role=\"presentation\"><span class=\"C9DxTc \">Reparaci\u00f3n\u00a0<\/span><span class=\"C9DxTc \">de da\u00f1os por granizo<\/span><\/p><\/li><li class=\"zfr3Q TYR86d eD0Rn \" dir=\"ltr\"><p class=\"zfr3Q CDt4Ke \" dir=\"ltr\" role=\"presentation\"><span class=\"C9DxTc \">Pintura completa del coche<\/span><\/p><\/li><li class=\"zfr3Q TYR86d eD0Rn \" dir=\"ltr\"><p class=\"zfr3Q CDt4Ke \" dir=\"ltr\" role=\"presentation\"><span class=\"C9DxTc \">Reparaci\u00f3n y reemplazo de partes.<\/span><\/p><\/li><\/ul>\t\t\t\t\t\t\t\t<\/div>\n\t\t\t\t<div class=\"elementor-element elementor-element-c9c523f elementor-align-center elementor-widget elementor-widget-button\" data-id=\"c9c523f\" data-element_type=\"widget\" data-widget_type=\"button.default\">\n\t\t\t\t\t\t\t\t\t\t<a class=\"elementor-button elementor-button-link elementor-size-sm\" href=\"#\">\n\t\t\t\t\t\t<span class=\"elementor-button-content-wrapper\">\n\t\t\t\t\t\t\t\t\t<span class=\"elementor-button-text\">Cont\u00e1ctanos<\/span>\n\t\t\t\t\t<\/span>\n\t\t\t\t\t<\/a>\n\t\t\t\t\t\t\t\t<\/div>\n\t\t\t\t\t<\/div>\n\t\t\t\t<\/div>\n\t\t<div class=\"elementor-element elementor-element-8aede9e e-flex e-con-boxed e-con e-parent\" data-id=\"8aede9e\" data-element_type=\"container\">\n\t\t\t\t\t<div class=\"e-con-inner\">\n\t\t\t\t<div class=\"elementor-element elementor-element-2ad8581 elementor-widget elementor-widget-text-editor\" data-id=\"2ad8581\" data-element_type=\"widget\" data-widget_type=\"text-editor.default\">\n\t\t\t\t\t\t\t\t\t<p class=\"zfr3Q CDt4Ke \" dir=\"ltr\"><span class=\"C9DxTc \">En Auto\u00a0<\/span><span class=\"C9DxTc \">Centro\u00a0<\/span><span class=\"C9DxTc \">Crisam, entendemos lo importante que es su veh\u00edculo para usted y nos aseguramos de que todas las reparaciones se lleven a cabo con la\u00a0<\/span><strong><span class=\"C9DxTc \">m\u00e1xima atenci\u00f3n a los detalles y el cuidado<\/span><\/strong><span class=\"C9DxTc \">. Utilizamos materiales y t\u00e9cnicas avanzadas para garantizar un resultado final de la m\u00e1s alta calidad. Adem\u00e1s, brindamos un excelente servicio al cliente y nos aseguramos de que todos nuestros clientes est\u00e9n satisfechos con el resultado final.\u00a0<\/span><\/p><p class=\"zfr3Q CDt4Ke \" dir=\"ltr\"><span class=\"C9DxTc \">Estamos listos para\u00a0<\/span><strong><span class=\"C9DxTc \">responder a todas sus preguntas sobre nuestros servicios<\/span><\/strong><span class=\"C9DxTc \">\u00a0y proporcionar una estimaci\u00f3n de costos detallada y transparente. Por \u00faltimo, si tu coche necesita reparaciones de chapa y pintura, no dudes en contactar con nosotros en Auto Recambios Crisam estamos ubicados en Pedreguer. Estamos listos para ayudarlo a restaurar su autom\u00f3vil y hacerlo lucir como nuevo nuevamente.<\/span><\/p>\t\t\t\t\t\t\t\t<\/div>\n\t\t\t\t<div class=\"elementor-element elementor-element-e549592 elementor-widget elementor-widget-image\" data-id=\"e549592\" data-element_type=\"widget\" data-widget_type=\"image.default\">\n\t\t\t\t\t\t\t\t\t\t\t\t\t\t\t<img fetchpriority=\"high\" decoding=\"async\" width=\"800\" height=\"450\" src=\"https:\/\/funny-moser.217-160-204-99.plesk.page\/wp-content\/uploads\/2025\/07\/pintura-1024x576.png\" class=\"attachment-large size-large wp-image-99\" alt=\"T\u00e9cnico con traje y pistola pintando chapa del coche\" srcset=\"https:\/\/funny-moser.217-160-204-99.plesk.page\/wp-content\/uploads\/2025\/07\/pintura-1024x576.png 1024w, https:\/\/funny-moser.217-160-204-99.plesk.page\/wp-content\/uploads\/2025\/07\/pintura-300x169.png 300w, https:\/\/funny-moser.217-160-204-99.plesk.page\/wp-content\/uploads\/2025\/07\/pintura-768x432.png 768w, https:\/\/funny-moser.217-160-204-99.plesk.page\/wp-content\/uploads\/2025\/07\/pintura.png 1200w\" sizes=\"(max-width: 800px) 100vw, 800px\" \/>\t\t\t\t\t\t\t\t\t\t\t\t\t\t\t<\/div>\n\t\t\t\t\t<\/div>\n\t\t\t\t<\/div>\n\t\t<div class=\"elementor-element elementor-element-d552a8c e-flex e-con-boxed e-con e-parent\" data-id=\"d552a8c\" data-element_type=\"container\">\n\t\t\t\t\t<div class=\"e-con-inner\">\n\t\t\t\t<div class=\"elementor-element elementor-element-d47a44b elementor-widget elementor-widget-heading\" data-id=\"d47a44b\" data-element_type=\"widget\" data-widget_type=\"heading.default\">\n\t\t\t\t\t<h2 class=\"elementor-heading-title elementor-size-default\">\u00bfBuscas un servicio de chapa y pintura barato y de confianza en Alicante?<\/h2>\t\t\t\t<\/div>\n\t\t\t\t<div class=\"elementor-element elementor-element-dd8cb24 elementor-widget elementor-widget-text-editor\" data-id=\"dd8cb24\" data-element_type=\"widget\" data-widget_type=\"text-editor.default\">\n\t\t\t\t\t\t\t\t\t<p class=\"zfr3Q CDt4Ke \" dir=\"ltr\"><span class=\"C9DxTc \">Sabemos lo importante que es la calidad, especialmente cuando se trata de carrocer\u00eda. Es la parte m\u00e1s visible y debe estar impecable. Nuestro objetivo es dar un servicio de calidad al mejor precio.\u00a0<\/span><\/p><p class=\"zfr3Q CDt4Ke \" dir=\"ltr\"><span class=\"C9DxTc \">Auto Centro Crisam en Pedreguer, estamos seguros que quedar\u00e1 satisfecho con los resultados de nuestro trabajo y que confiar\u00e1 en nosotros para seguir cuidando su veh\u00edculo. Por eso te ofrecemos una oferta exclusiva para pintar tu coche con nosotros.<\/span><\/p><p class=\"zfr3Q CDt4Ke \" dir=\"ltr\"><span class=\"C9DxTc \">En nuestro taller de chapa y pintura, sabemos c\u00f3mo debe verse su veh\u00edculo cuando es nuevo y brindamos un servicio de la m\u00e1s alta calidad. Disponemos de los medios t\u00e9cnicos de gesti\u00f3n m\u00e1s avanzados que aseguran la m\u00e1xima eficacia en las reparaciones de chapa y pintura, y realizamos cada trabajo con una calidad impecable, porque queremos que nuestros clientes utilicen sus coches como nuevos en un tiempo r\u00e9cord.<\/span><\/p>\t\t\t\t\t\t\t\t<\/div>\n\t\t\t\t\t<\/div>\n\t\t\t\t<\/div>\n\t\t\t\t<\/div>\n\t\t","protected":false},"excerpt":{"rendered":"<p>TALLER DE CHAPA Y PINTURA En Auto Centro Crisam ubicados\u00a0en Pedreguer, suministramos\u00a0servicios de\u00a0chapa y pintura\u00a0de alta calidad para su veh\u00edculo. Nuestro equipo de t\u00e9cnicos de hojalater\u00eda y pintura altamente capacitados y experimentados utiliza tecnolog\u00eda avanzada y materiales de calidad para garantizar que su autom\u00f3vil reciba el mejor cuidado y atenci\u00f3n posibles.\u00a0Ofrecemos una amplia gama de [&hellip;]<\/p>\n","protected":false},"author":1,"featured_media":0,"parent":0,"menu_order":0,"comment_status":"closed","ping_status":"closed","template":"","meta":{"footnotes":""},"class_list":["post-92","page","type-page","status-publish","hentry"],"_links":{"self":[{"href":"https:\/\/funny-moser.217-160-204-99.plesk.page\/index.php\/wp-json\/wp\/v2\/pages\/92","targetHints":{"allow":["GET"]}}],"collection":[{"href":"https:\/\/funny-moser.217-160-204-99.plesk.page\/index.php\/wp-json\/wp\/v2\/pages"}],"about":[{"href":"https:\/\/funny-moser.217-160-204-99.plesk.page\/index.php\/wp-json\/wp\/v2\/types\/page"}],"author":[{"embeddable":true,"href":"https:\/\/funny-moser.217-160-204-99.plesk.page\/index.php\/wp-json\/wp\/v2\/users\/1"}],"replies":[{"embeddable":true,"href":"https:\/\/funny-moser.217-160-204-99.plesk.page\/index.php\/wp-json\/wp\/v2\/comments?post=92"}],"version-history":[{"count":15,"href":"https:\/\/funny-moser.217-160-204-99.plesk.page\/index.php\/wp-json\/wp\/v2\/pages\/92\/revisions"}],"predecessor-version":[{"id":265,"href":"https:\/\/funny-moser.217-160-204-99.plesk.page\/index.php\/wp-json\/wp\/v2\/pages\/92\/revisions\/265"}],"wp:attachment":[{"href":"https:\/\/funny-moser.217-160-204-99.plesk.page\/index.php\/wp-json\/wp\/v2\/media?parent=92"}],"curies":[{"name":"wp","href":"https:\/\/api.w.org\/{rel}","templated":true}]}}